{"id":195,"date":"2022-04-15T15:45:19","date_gmt":"2022-04-15T13:45:19","guid":{"rendered":"https:\/\/www.hotelmangiofango.com\/?page_id=195"},"modified":"2026-04-06T16:46:55","modified_gmt":"2026-04-06T14:46:55","slug":"mangio-fango-ste-marie-de-la-mer","status":"publish","type":"page","link":"https:\/\/www.hotelmangiofango.com\/de\/mangio-fango-ste-marie-de-la-mer\/","title":{"rendered":"Mangio Fango Ste Marie de la mer"},"content":{"rendered":"<div data-elementor-type=\"wp-page\" data-elementor-id=\"195\" class=\"elementor elementor-195\" data-elementor-post-type=\"page\">\n\t\t\t\t\t\t<section class=\"elementor-section elementor-top-section elementor-element elementor-element-77622dd2 elementor-section-height-min-height elementor-section-items-stretch elementor-section-content-bottom elementor-section-boxed elementor-section-height-default\" data-id=\"77622dd2\" data-element_type=\"section\" data-e-type=\"section\" data-settings=\"{&quot;background_background&quot;:&quot;classic&quot;}\">\n\t\t\t\t\t\t<div class=\"elementor-container elementor-column-gap-default\">\n\t\t\t\t\t<div class=\"elementor-column elementor-col-100 elementor-top-column elementor-element elementor-element-1e8e4295\" data-id=\"1e8e4295\" data-element_type=\"column\" data-e-type=\"column\" data-settings=\"{&quot;background_background&quot;:&quot;classic&quot;}\">\n\t\t\t<div class=\"elementor-widget-wrap elementor-element-populated\">\n\t\t\t\t\t<div class=\"elementor-background-overlay\"><\/div>\n\t\t\t\t\t\t<div class=\"elementor-element elementor-element-6154aed2 elementor-widget elementor-widget-heading\" data-id=\"6154aed2\" data-element_type=\"widget\" data-e-type=\"widget\" data-widget_type=\"heading.default\">\n\t\t\t\t<div class=\"elementor-widget-container\">\n\t\t\t\t\t<h1 class=\"elementor-heading-title elementor-size-default\">Tarife<\/h1>\t\t\t\t<\/div>\n\t\t\t\t<\/div>\n\t\t\t\t\t<\/div>\n\t\t<\/div>\n\t\t\t\t\t<\/div>\n\t\t<\/section>\n\t\t\t\t<section class=\"elementor-section elementor-top-section elementor-element elementor-element-7bff1134 elementor-section-height-min-height elementor-section-boxed elementor-section-height-default elementor-section-items-middle\" data-id=\"7bff1134\" data-element_type=\"section\" data-e-type=\"section\" data-settings=\"{&quot;background_background&quot;:&quot;classic&quot;}\">\n\t\t\t\t\t\t\t<div class=\"elementor-background-overlay\"><\/div>\n\t\t\t\t\t\t\t<div class=\"elementor-container elementor-column-gap-no\">\n\t\t\t\t\t<div class=\"elementor-column elementor-col-50 elementor-top-column elementor-element elementor-element-77976827 col-texte-intro\" data-id=\"77976827\" data-element_type=\"column\" data-e-type=\"column\" data-settings=\"{&quot;background_background&quot;:&quot;classic&quot;}\">\n\t\t\t<div class=\"elementor-widget-wrap elementor-element-populated\">\n\t\t\t\t\t\t<div class=\"elementor-element elementor-element-351ac213 titre2lignes bicolor elementor-widget elementor-widget-heading\" data-id=\"351ac213\" data-element_type=\"widget\" data-e-type=\"widget\" data-widget_type=\"heading.default\">\n\t\t\t\t<div class=\"elementor-widget-container\">\n\t\t\t\t\t<h2 class=\"elementor-heading-title elementor-size-default\">Mangio Fango <i>Saintes Maries de la mer<\/i><\/h2>\t\t\t\t<\/div>\n\t\t\t\t<\/div>\n\t\t\t\t<div class=\"elementor-element elementor-element-382acb8f elementor-invisible elementor-widget elementor-widget-text-editor\" data-id=\"382acb8f\" data-element_type=\"widget\" data-e-type=\"widget\" data-settings=\"{&quot;_animation&quot;:&quot;fadeInRight&quot;}\" data-widget_type=\"text-editor.default\">\n\t\t\t\t<div class=\"elementor-widget-container\">\n\t\t\t\t\t\t\t\t\t<p>Entdecken Sie alle unsere Preise in der Vor- und Hochsaison und organisieren Sie noch heute Ihren Aufenthalt in der Camargue.<\/p><p>W\u00e4hlen Sie die f\u00fcr Sie passende Zimmerkategorie und die Anzahl der Reisenden sowie weitere Leistungen wie den Haustierzuschlag oder die Anmietung eines Babybetts. Unsere Einrichtung bietet auch Fr\u00fchst\u00fccks- und Restaurantservice.<br \/>Das Hotel Mangio Fango Saintes Maries de la Mer empf\u00e4ngt Sie f\u00fcr Ihre Gesch\u00e4fts- oder Freizeitreise in der N\u00e4he der langen Sandstr\u00e4nde, der S\u00fcmpfe und der sch\u00f6nsten D\u00f6rfer der Region.<\/p>\t\t\t\t\t\t\t\t<\/div>\n\t\t\t\t<\/div>\n\t\t\t\t\t<\/div>\n\t\t<\/div>\n\t\t\t\t<div class=\"elementor-column elementor-col-50 elementor-top-column elementor-element elementor-element-690374cf\" data-id=\"690374cf\" data-element_type=\"column\" data-e-type=\"column\" data-settings=\"{&quot;background_background&quot;:&quot;classic&quot;}\">\n\t\t\t<div class=\"elementor-widget-wrap elementor-element-populated\">\n\t\t\t\t\t\t<div class=\"elementor-element elementor-element-18149d61 elementor-widget elementor-widget-spacer\" data-id=\"18149d61\" data-element_type=\"widget\" data-e-type=\"widget\" data-widget_type=\"spacer.default\">\n\t\t\t\t<div class=\"elementor-widget-container\">\n\t\t\t\t\t\t\t<div class=\"elementor-spacer\">\n\t\t\t<div class=\"elementor-spacer-inner\"><\/div>\n\t\t<\/div>\n\t\t\t\t\t\t<\/div>\n\t\t\t\t<\/div>\n\t\t\t\t\t<\/div>\n\t\t<\/div>\n\t\t\t\t\t<\/div>\n\t\t<\/section>\n\t\t\t\t<section class=\"elementor-section elementor-top-section elementor-element elementor-element-673ed4c2 elementor-section-full_width elementor-reverse-tablet elementor-reverse-mobile elementor-section-height-default elementor-section-height-default\" data-id=\"673ed4c2\" data-element_type=\"section\" data-e-type=\"section\" data-settings=\"{&quot;background_background&quot;:&quot;classic&quot;}\">\n\t\t\t\t\t\t<div class=\"elementor-container elementor-column-gap-no\">\n\t\t\t\t\t<div class=\"elementor-column elementor-col-100 elementor-top-column elementor-element elementor-element-2b281ffe col50-texte\" data-id=\"2b281ffe\" data-element_type=\"column\" data-e-type=\"column\">\n\t\t\t<div class=\"elementor-widget-wrap elementor-element-populated\">\n\t\t\t\t\t\t<div class=\"elementor-element elementor-element-52a6a599 titre2lignes elementor-widget elementor-widget-heading\" data-id=\"52a6a599\" data-element_type=\"widget\" data-e-type=\"widget\" data-widget_type=\"heading.default\">\n\t\t\t\t<div class=\"elementor-widget-container\">\n\t\t\t\t\t<h2 class=\"elementor-heading-title elementor-size-default\">Tarife 2 Personen<\/h2>\t\t\t\t<\/div>\n\t\t\t\t<\/div>\n\t\t\t\t<section class=\"elementor-section elementor-inner-section elementor-element elementor-element-6ae5a826 tableau elementor-section-boxed elementor-section-height-default elementor-section-height-default\" data-id=\"6ae5a826\" data-element_type=\"section\" data-e-type=\"section\">\n\t\t\t\t\t\t<div class=\"elementor-container elementor-column-gap-default\">\n\t\t\t\t\t<div class=\"elementor-column elementor-col-100 elementor-inner-column elementor-element elementor-element-16eaf1ae\" data-id=\"16eaf1ae\" data-element_type=\"column\" data-e-type=\"column\">\n\t\t\t<div class=\"elementor-widget-wrap elementor-element-populated\">\n\t\t\t\t\t\t<div class=\"elementor-element elementor-element-75df7c2 elementor-widget elementor-widget-shortcode\" data-id=\"75df7c2\" data-element_type=\"widget\" data-e-type=\"widget\" data-widget_type=\"shortcode.default\">\n\t\t\t\t<div class=\"elementor-widget-container\">\n\t\t\t\t\t\t\t<div class=\"elementor-shortcode\">\n<table id=\"tablepress-1\" class=\"tablepress tablepress-id-1\">\n<thead>\n<tr class=\"row-1\">\n\t<th class=\"column-1\">Nichtraucherzimmer <div>jedes Zimmer verf\u00fcgt \u00fcber eine Au\u00dfenterrasse mit einem Aschenbecher<\/div><\/th><th class=\"column-2\">Hochsaison<\/th><th class=\"column-3\">Mittlere Saison<\/th>\n<\/tr>\n<\/thead>\n<tbody class=\"row-striping row-hover\">\n<tr class=\"row-2\">\n\t<td class=\"column-1\">Klassisches Zimmer <br \/>\n<div>24 bis 28.5m\u00b2 private Gartenterrasse 17 bis 39m\u00b2<\/div><\/td><td class=\"column-2\">196<\/td><td class=\"column-3\">175<\/td>\n<\/tr>\n<tr class=\"row-3\">\n\t<td class=\"column-1\">Superior Zimmer<br \/>\n<div>26.5 bis 32.5m\u00b2 private Gartenterrasse 11.3 bis 37m\u00b2<\/div><\/td><td class=\"column-2\">211<\/td><td class=\"column-3\">196<\/td>\n<\/tr>\n<tr class=\"row-4\">\n\t<td class=\"column-1\">Privilege-Zimmer<br \/>\n<div>30 bis 41.5m\u00b2 private Gartenterrasse von 7.8 bis 11.3m\u00b2<\/div><\/td><td class=\"column-2\">260<\/td><td class=\"column-3\">227<\/td>\n<\/tr>\n<tr class=\"row-5\">\n\t<td class=\"column-1\">Suite Classique Marais<br \/>\n<div>55m\u00b2 private Terrasse von 48m\u00b2<\/div><\/td><td class=\"column-2\">420<\/td><td class=\"column-3\">350<\/td>\n<\/tr>\n<tr class=\"row-6\">\n\t<td class=\"column-1\">Suite Luxe Marais<br \/>\n<div>80m\u00b2 private Terrasse von 35m\u00b2<\/div><\/td><td class=\"column-2\">463<\/td><td class=\"column-3\">420<\/td>\n<\/tr>\n<tr class=\"row-7\">\n\t<td class=\"column-1\">Zus\u00e4tzliches Bett<\/td><td class=\"column-2\">40<\/td><td class=\"column-3\">35<\/td>\n<\/tr>\n<\/tbody>\n<\/table>\n<!-- #tablepress-1 from cache --><\/div>\n\t\t\t\t\t\t<\/div>\n\t\t\t\t<\/div>\n\t\t\t\t\t<\/div>\n\t\t<\/div>\n\t\t\t\t\t<\/div>\n\t\t<\/section>\n\t\t\t\t\t<\/div>\n\t\t<\/div>\n\t\t\t\t\t<\/div>\n\t\t<\/section>\n\t\t\t\t<section class=\"elementor-section elementor-top-section elementor-element elementor-element-16cd30c elementor-section-full_width elementor-reverse-tablet elementor-reverse-mobile elementor-section-height-default elementor-section-height-default\" data-id=\"16cd30c\" data-element_type=\"section\" data-e-type=\"section\" data-settings=\"{&quot;background_background&quot;:&quot;classic&quot;}\">\n\t\t\t\t\t\t<div class=\"elementor-container elementor-column-gap-no\">\n\t\t\t\t\t<div class=\"elementor-column elementor-col-100 elementor-top-column elementor-element elementor-element-90f0da2 col50-texte\" data-id=\"90f0da2\" data-element_type=\"column\" data-e-type=\"column\">\n\t\t\t<div class=\"elementor-widget-wrap elementor-element-populated\">\n\t\t\t\t\t\t<div class=\"elementor-element elementor-element-e78fb0c titre2lignes elementor-widget elementor-widget-heading\" data-id=\"e78fb0c\" data-element_type=\"widget\" data-e-type=\"widget\" data-widget_type=\"heading.default\">\n\t\t\t\t<div class=\"elementor-widget-container\">\n\t\t\t\t\t<h2 class=\"elementor-heading-title elementor-size-default\">Tarife 3 Personen<\/h2>\t\t\t\t<\/div>\n\t\t\t\t<\/div>\n\t\t\t\t<section class=\"elementor-section elementor-inner-section elementor-element elementor-element-5dfd3c5 tableau elementor-section-boxed elementor-section-height-default elementor-section-height-default\" data-id=\"5dfd3c5\" data-element_type=\"section\" data-e-type=\"section\">\n\t\t\t\t\t\t<div class=\"elementor-container elementor-column-gap-default\">\n\t\t\t\t\t<div class=\"elementor-column elementor-col-100 elementor-inner-column elementor-element elementor-element-b95cec0\" data-id=\"b95cec0\" data-element_type=\"column\" data-e-type=\"column\">\n\t\t\t<div class=\"elementor-widget-wrap elementor-element-populated\">\n\t\t\t\t\t\t<div class=\"elementor-element elementor-element-cf40a45 elementor-widget elementor-widget-shortcode\" data-id=\"cf40a45\" data-element_type=\"widget\" data-e-type=\"widget\" data-widget_type=\"shortcode.default\">\n\t\t\t\t<div class=\"elementor-widget-container\">\n\t\t\t\t\t\t\t<div class=\"elementor-shortcode\">\n<table id=\"tablepress-2\" class=\"tablepress tablepress-id-2\">\n<thead>\n<tr class=\"row-1\">\n\t<th class=\"column-1\">Nichtraucherzimmer <div>jedes Zimmer verf\u00fcgt \u00fcber eine Au\u00dfenterrasse mit einem Aschenbecher<\/div><\/th><th class=\"column-2\">Hochsaison<\/th><th class=\"column-3\">Mittlere Saison<\/th>\n<\/tr>\n<\/thead>\n<tbody class=\"row-striping row-hover\">\n<tr class=\"row-2\">\n\t<td class=\"column-1\">Privilege Familienzimmer<br \/>\n<div>33.5 bis 41.5m\u00b2 private Terrasse von 7.8 bis 11.3m\u00b2<\/div><\/td><td class=\"column-2\">285<\/td><td class=\"column-3\">262<\/td>\n<\/tr>\n<tr class=\"row-3\">\n\t<td class=\"column-1\">Suite Classique Marais<br \/>\n<div>55m\u00b2 private Gartenterrasse von 48m\u00b2<\/div><\/td><td class=\"column-2\">463<\/td><td class=\"column-3\">386<\/td>\n<\/tr>\n<tr class=\"row-4\">\n\t<td class=\"column-1\">Suite Luxe Marais<br \/>\n<div>80m\u00b2 private Terrasse von 35m\u00b2<\/div><\/td><td class=\"column-2\">525<\/td><td class=\"column-3\">443<\/td>\n<\/tr>\n<\/tbody>\n<\/table>\n<!-- #tablepress-2 from cache --><\/div>\n\t\t\t\t\t\t<\/div>\n\t\t\t\t<\/div>\n\t\t\t\t\t<\/div>\n\t\t<\/div>\n\t\t\t\t\t<\/div>\n\t\t<\/section>\n\t\t\t\t\t<\/div>\n\t\t<\/div>\n\t\t\t\t\t<\/div>\n\t\t<\/section>\n\t\t\t\t<section class=\"elementor-section elementor-top-section elementor-element elementor-element-5cf9e77 elementor-section-full_width elementor-reverse-tablet elementor-reverse-mobile elementor-section-height-default elementor-section-height-default\" data-id=\"5cf9e77\" data-element_type=\"section\" data-e-type=\"section\" data-settings=\"{&quot;background_background&quot;:&quot;classic&quot;}\">\n\t\t\t\t\t\t<div class=\"elementor-container elementor-column-gap-no\">\n\t\t\t\t\t<div class=\"elementor-column elementor-col-100 elementor-top-column elementor-element elementor-element-b8f3ea6 col50-texte\" data-id=\"b8f3ea6\" data-element_type=\"column\" data-e-type=\"column\">\n\t\t\t<div class=\"elementor-widget-wrap elementor-element-populated\">\n\t\t\t\t\t\t<div class=\"elementor-element elementor-element-8ae1b4d titre2lignes elementor-widget elementor-widget-heading\" data-id=\"8ae1b4d\" data-element_type=\"widget\" data-e-type=\"widget\" data-widget_type=\"heading.default\">\n\t\t\t\t<div class=\"elementor-widget-container\">\n\t\t\t\t\t<h2 class=\"elementor-heading-title elementor-size-default\">Tarife 4 Personen<\/h2>\t\t\t\t<\/div>\n\t\t\t\t<\/div>\n\t\t\t\t<section class=\"elementor-section elementor-inner-section elementor-element elementor-element-0bded87 tableau elementor-section-boxed elementor-section-height-default elementor-section-height-default\" data-id=\"0bded87\" data-element_type=\"section\" data-e-type=\"section\">\n\t\t\t\t\t\t<div class=\"elementor-container elementor-column-gap-default\">\n\t\t\t\t\t<div class=\"elementor-column elementor-col-100 elementor-inner-column elementor-element elementor-element-7d046ff\" data-id=\"7d046ff\" data-element_type=\"column\" data-e-type=\"column\">\n\t\t\t<div class=\"elementor-widget-wrap elementor-element-populated\">\n\t\t\t\t\t\t<div class=\"elementor-element elementor-element-dafaa35 elementor-widget elementor-widget-shortcode\" data-id=\"dafaa35\" data-element_type=\"widget\" data-e-type=\"widget\" data-widget_type=\"shortcode.default\">\n\t\t\t\t<div class=\"elementor-widget-container\">\n\t\t\t\t\t\t\t<div class=\"elementor-shortcode\">\n<table id=\"tablepress-3\" class=\"tablepress tablepress-id-3\">\n<thead>\n<tr class=\"row-1\">\n\t<th class=\"column-1\">Nichtraucherzimmer <div>jedes Zimmer verf\u00fcgt \u00fcber eine Au\u00dfenterrasse mit einem Aschenbecher<\/div><\/th><th class=\"column-2\">Hochsaison<\/th><th class=\"column-3\">Mittlere Saison<\/th>\n<\/tr>\n<\/thead>\n<tbody class=\"row-striping row-hover\">\n<tr class=\"row-2\">\n\t<td class=\"column-1\">Privilege Familienzimmer<br \/>\n<div>41.5m\u00b2 private Terrasse von 7.8m\u00b2<\/div><\/td><td class=\"column-2\">304<\/td><td class=\"column-3\">273<\/td>\n<\/tr>\n<tr class=\"row-3\">\n\t<td class=\"column-1\">Suite Classique Marais<br \/>\n<div>55m\u00b2 private Gartenterrasse von 48m\u00b2<\/div><\/td><td class=\"column-2\">474<\/td><td class=\"column-3\">412<\/td>\n<\/tr>\n<tr class=\"row-4\">\n\t<td class=\"column-1\">Suite Luxe Marais<br \/>\n<div>80m\u00b2 private Terrasse von 35m\u00b2<\/div><\/td><td class=\"column-2\">540<\/td><td class=\"column-3\">463<\/td>\n<\/tr>\n<\/tbody>\n<\/table>\n<!-- #tablepress-3 from cache --><\/div>\n\t\t\t\t\t\t<\/div>\n\t\t\t\t<\/div>\n\t\t\t\t\t<\/div>\n\t\t<\/div>\n\t\t\t\t\t<\/div>\n\t\t<\/section>\n\t\t\t\t\t<\/div>\n\t\t<\/div>\n\t\t\t\t\t<\/div>\n\t\t<\/section>\n\t\t\t\t<section class=\"elementor-section elementor-top-section elementor-element elementor-element-b0b4db5 elementor-section-full_width elementor-reverse-tablet elementor-reverse-mobile elementor-section-height-default elementor-section-height-default\" data-id=\"b0b4db5\" data-element_type=\"section\" data-e-type=\"section\" data-settings=\"{&quot;background_background&quot;:&quot;classic&quot;}\">\n\t\t\t\t\t\t<div class=\"elementor-container elementor-column-gap-no\">\n\t\t\t\t\t<div class=\"elementor-column elementor-col-100 elementor-top-column elementor-element elementor-element-33de736 col50-texte\" data-id=\"33de736\" data-element_type=\"column\" data-e-type=\"column\">\n\t\t\t<div class=\"elementor-widget-wrap elementor-element-populated\">\n\t\t\t\t\t\t<section class=\"elementor-section elementor-inner-section elementor-element elementor-element-d4f0a51 tableau elementor-section-boxed elementor-section-height-default elementor-section-height-default\" data-id=\"d4f0a51\" data-element_type=\"section\" data-e-type=\"section\">\n\t\t\t\t\t\t<div class=\"elementor-container elementor-column-gap-default\">\n\t\t\t\t\t<div class=\"elementor-column elementor-col-100 elementor-inner-column elementor-element elementor-element-3b6a8d0\" data-id=\"3b6a8d0\" data-element_type=\"column\" data-e-type=\"column\">\n\t\t\t<div class=\"elementor-widget-wrap elementor-element-populated\">\n\t\t\t\t\t\t<div class=\"elementor-element elementor-element-aeb65ba elementor-widget elementor-widget-text-editor\" data-id=\"aeb65ba\" data-element_type=\"widget\" data-e-type=\"widget\" data-widget_type=\"text-editor.default\">\n\t\t\t\t<div class=\"elementor-widget-container\">\n\t\t\t\t\t\t\t\t\t<h5><strong><u>DURCHSCHNITTLICHE SAISON 2026&nbsp;<\/u>: <\/strong><\/h5>\n<h6><em>Vom 27\/03 bis einschlie\u00dflich 30\/04 <\/em><\/h6>\n<h6><em>Vom 03\/05 bis einschlie\u00dflich 7\/05 <\/em><\/h6>\n<h6><em>Vom 10\/05 bis einschlie\u00dflich 12\/05&nbsp;<\/em><\/h6>\n<h6><em>Vom 17\/05 bis einschlie\u00dflich 21\/05<\/em><\/h6>\n<h6><em>Vom 26\/05 bis einschlie\u00dflich 2\/07 - Vom 01\/09 bis einschlie\u00dflich 11\/11<\/em><\/h6>\n<h5><strong><u>HOCHSAISON 2026 :<\/u>&nbsp; &nbsp;<\/strong>&nbsp;&nbsp;&nbsp;&nbsp;<\/h5>\n<h6><em>Vom 1\/05 bis einschlie\u00dflich 2\/05 - Vom 08\/05 bis einschlie\u00dflich 09\/05&nbsp; &nbsp; &nbsp; &nbsp; &nbsp; &nbsp; &nbsp; &nbsp; &nbsp; &nbsp; &nbsp;<\/em><\/h6>\n<h6><em>Vom 13\/05 bis einschlie\u00dflich 16\/05 - Vom 22\/05 bis einschlie\u00dflich 25\/05<\/em><\/h6>\n<h6><em>Vom 03\/07 bis einschlie\u00dflich 31\/08<\/em><\/h6>\n<p><strong>Kurtaxe :<\/strong> 1,87 \u20ac\/Tag\/Pers.<br><strong>Fr\u00fchst\u00fcck :<\/strong> 26 \u20ac\/Tag\/Person<br><strong>Kinderfr\u00fchst\u00fcck bis 12 Jahre :<\/strong> 15 \u20ac\/Tag\/Kind<br><strong>Hund\/Katze erlaubt (ein Tier pro Zimmer) :<\/strong> 16 \u20ac\/Tag<br><strong>Babybett :<\/strong> 15 \u20ac\/Tag<\/p>\n<p><b>Zugang zum Entspannungsbereich (Sauna - Hammam)<\/b> 29\u20ac\/1Stunde\/Erwachsene: mit Reservierung<br><b>Behandlungen im SPA auf Reservierung <\/b>: Pflegekarte und Preise auf Anfrage erh\u00e4ltlich<\/p>\n<p><span style=\"text-decoration: underline;\"><em><strong>Kostenloser WIFI-ZUGANG<\/strong><\/em><\/span><\/p>\n<h6><em>F\u00fcr besondere Anfragen wie Seminare oder andere Veranstaltungen wenden Sie sich bitte an uns.<\/em><\/h6><h6><em><br><\/em><\/h6>\n<p><strong><u>Das Restaurant ist dienstags und mittwochs geschlossen.<\/u><\/strong><strong> w\u00e4hrend der Unteren und Mittleren Saison.<\/strong><\/p><p><strong>Das Restaurant ist w\u00e4hrend der Sommer- und Herbstferien nur mittwochs geschlossen, d. h. vom 06.07. bis 30.08. und vom 19.10. bis 31.10.<\/strong><\/p>\t\t\t\t\t\t\t\t<\/div>\n\t\t\t\t<\/div>\n\t\t\t\t\t<\/div>\n\t\t<\/div>\n\t\t\t\t\t<\/div>\n\t\t<\/section>\n\t\t\t\t\t<\/div>\n\t\t<\/div>\n\t\t\t\t\t<\/div>\n\t\t<\/section>\n\t\t\t\t<\/div>","protected":false},"excerpt":{"rendered":"<p>Tarifs Mangio Fango Saintes Maries de la mer D\u00e9couvrez l\u2019ensemble de nos tarifs en basse saison et haute saison et organisez d\u00e8s aujourd\u2019hui votre s\u00e9jour en Camargue. Choisissez la cat\u00e9gorie de chambre qui vous correspond et le nombre de voyageurs, ainsi que d\u2019autres prestations comme le suppl\u00e9ment animaux ou la location de lit b\u00e9b\u00e9. Notre [&hellip;]<\/p>\n","protected":false},"author":5,"featured_media":0,"parent":0,"menu_order":0,"comment_status":"closed","ping_status":"closed","template":"","meta":{"inline_featured_image":false,"footnotes":""},"class_list":["post-195","page","type-page","status-publish","hentry"],"_links":{"self":[{"href":"https:\/\/www.hotelmangiofango.com\/de\/wp-json\/wp\/v2\/pages\/195","targetHints":{"allow":["GET"]}}],"collection":[{"href":"https:\/\/www.hotelmangiofango.com\/de\/wp-json\/wp\/v2\/pages"}],"about":[{"href":"https:\/\/www.hotelmangiofango.com\/de\/wp-json\/wp\/v2\/types\/page"}],"author":[{"embeddable":true,"href":"https:\/\/www.hotelmangiofango.com\/de\/wp-json\/wp\/v2\/users\/5"}],"replies":[{"embeddable":true,"href":"https:\/\/www.hotelmangiofango.com\/de\/wp-json\/wp\/v2\/comments?post=195"}],"version-history":[{"count":176,"href":"https:\/\/www.hotelmangiofango.com\/de\/wp-json\/wp\/v2\/pages\/195\/revisions"}],"predecessor-version":[{"id":5872,"href":"https:\/\/www.hotelmangiofango.com\/de\/wp-json\/wp\/v2\/pages\/195\/revisions\/5872"}],"wp:attachment":[{"href":"https:\/\/www.hotelmangiofango.com\/de\/wp-json\/wp\/v2\/media?parent=195"}],"curies":[{"name":"wp","href":"https:\/\/api.w.org\/{rel}","templated":true}]}}