{"id":217,"date":"2022-04-15T16:01:32","date_gmt":"2022-04-15T14:01:32","guid":{"rendered":"https:\/\/www.hotelmangiofango.com\/?page_id=217"},"modified":"2022-06-07T18:31:53","modified_gmt":"2022-06-07T16:31:53","slug":"naturpark-camargue","status":"publish","type":"page","link":"https:\/\/www.hotelmangiofango.com\/de\/hotel-spa-sainte-marie-de-la-mer\/hotel-ste-marie-de-la-mer-camargue\/parc-naturel-camargue\/","title":{"rendered":"Naturpark Camargue"},"content":{"rendered":"<div data-elementor-type=\"wp-page\" data-elementor-id=\"217\" class=\"elementor elementor-217\" data-elementor-post-type=\"page\">\n\t\t\t\t\t\t<section class=\"elementor-section elementor-top-section elementor-element elementor-element-52e7570d elementor-section-height-min-height elementor-section-items-stretch elementor-section-content-middle elementor-section-boxed elementor-section-height-default\" data-id=\"52e7570d\" data-element_type=\"section\" data-e-type=\"section\" data-settings=\"{&quot;background_background&quot;:&quot;classic&quot;}\">\n\t\t\t\t\t\t<div class=\"elementor-container elementor-column-gap-default\">\n\t\t\t\t\t<div class=\"elementor-column elementor-col-100 elementor-top-column elementor-element elementor-element-7fee392a\" data-id=\"7fee392a\" data-element_type=\"column\" data-e-type=\"column\" data-settings=\"{&quot;background_background&quot;:&quot;classic&quot;}\">\n\t\t\t<div class=\"elementor-widget-wrap elementor-element-populated\">\n\t\t\t\t\t<div class=\"elementor-background-overlay\"><\/div>\n\t\t\t\t\t\t<div class=\"elementor-element elementor-element-7131f36d elementor-widget elementor-widget-heading\" data-id=\"7131f36d\" data-element_type=\"widget\" data-e-type=\"widget\" data-widget_type=\"heading.default\">\n\t\t\t\t<div class=\"elementor-widget-container\">\n\t\t\t\t\t<h1 class=\"elementor-heading-title elementor-size-default\">Der Naturpark<\/h1>\t\t\t\t<\/div>\n\t\t\t\t<\/div>\n\t\t\t\t\t<\/div>\n\t\t<\/div>\n\t\t\t\t\t<\/div>\n\t\t<\/section>\n\t\t\t\t<section class=\"elementor-section elementor-top-section elementor-element elementor-element-5d3a0cf1 elementor-section-height-min-height elementor-section-boxed elementor-section-height-default elementor-section-items-middle\" data-id=\"5d3a0cf1\" data-element_type=\"section\" data-e-type=\"section\" data-settings=\"{&quot;background_background&quot;:&quot;classic&quot;}\">\n\t\t\t\t\t\t\t<div class=\"elementor-background-overlay\"><\/div>\n\t\t\t\t\t\t\t<div class=\"elementor-container elementor-column-gap-no\">\n\t\t\t\t\t<div class=\"elementor-column elementor-col-50 elementor-top-column elementor-element elementor-element-ff43d2a col-texte-intro\" data-id=\"ff43d2a\" data-element_type=\"column\" data-e-type=\"column\" data-settings=\"{&quot;background_background&quot;:&quot;classic&quot;}\">\n\t\t\t<div class=\"elementor-widget-wrap elementor-element-populated\">\n\t\t\t\t\t\t<div class=\"elementor-element elementor-element-4076e41c titre2lignes bicolor elementor-widget elementor-widget-heading\" data-id=\"4076e41c\" data-element_type=\"widget\" data-e-type=\"widget\" data-widget_type=\"heading.default\">\n\t\t\t\t<div class=\"elementor-widget-container\">\n\t\t\t\t\t<h2 class=\"elementor-heading-title elementor-size-default\">Charme<i>eines einzigartigen Raumes<\/i><\/h2>\t\t\t\t<\/div>\n\t\t\t\t<\/div>\n\t\t\t\t<div class=\"elementor-element elementor-element-6b0558ec elementor-invisible elementor-widget elementor-widget-text-editor\" data-id=\"6b0558ec\" data-element_type=\"widget\" data-e-type=\"widget\" data-settings=\"{&quot;_animation&quot;:&quot;fadeInRight&quot;}\" data-widget_type=\"text-editor.default\">\n\t\t\t\t<div class=\"elementor-widget-container\">\n\t\t\t\t\t\t\t\t\t<p>Das Mangio Fango Hotel, Spa und Restaurant befindet sich inmitten des regionalen Naturparks Camargue in Saintes-Maries-de-la-Mer. Seine Lage direkt am Meer bietet seinen G\u00e4sten die M\u00f6glichkeit, einen einzigartigen Blick auf die Camargue, ihre Salinen, S\u00fcmpfe und Str\u00e4nde zu genie\u00dfen.<br \/>Der Naturpark befindet sich in S\u00fcdfrankreich im Westen der Region Provence-Alpes-C\u00f4te d'Azur; in den Departements Bouches-du-Rh\u00f4ne und Gard. Geografisch gesehen hat die Camargue eine dreieckige Form. Ihre drei Ecken werden von drei St\u00e4dten der Camargue begrenzt: Arles, Le Grau-du-Roi und Fos-sur-Mer.<\/p>\t\t\t\t\t\t\t\t<\/div>\n\t\t\t\t<\/div>\n\t\t\t\t\t<\/div>\n\t\t<\/div>\n\t\t\t\t<div class=\"elementor-column elementor-col-50 elementor-top-column elementor-element elementor-element-42021243\" data-id=\"42021243\" data-element_type=\"column\" data-e-type=\"column\" data-settings=\"{&quot;background_background&quot;:&quot;classic&quot;}\">\n\t\t\t<div class=\"elementor-widget-wrap elementor-element-populated\">\n\t\t\t\t\t\t<div class=\"elementor-element elementor-element-76baaa0e elementor-widget elementor-widget-spacer\" data-id=\"76baaa0e\" data-element_type=\"widget\" data-e-type=\"widget\" data-widget_type=\"spacer.default\">\n\t\t\t\t<div class=\"elementor-widget-container\">\n\t\t\t\t\t\t\t<div class=\"elementor-spacer\">\n\t\t\t<div class=\"elementor-spacer-inner\"><\/div>\n\t\t<\/div>\n\t\t\t\t\t\t<\/div>\n\t\t\t\t<\/div>\n\t\t\t\t\t<\/div>\n\t\t<\/div>\n\t\t\t\t\t<\/div>\n\t\t<\/section>\n\t\t\t\t<section class=\"elementor-section elementor-top-section elementor-element elementor-element-656ab69f elementor-section-full_width elementor-section-height-min-height elementor-section-items-stretch elementor-section-height-default\" data-id=\"656ab69f\" data-element_type=\"section\" data-e-type=\"section\">\n\t\t\t\t\t\t<div class=\"elementor-container elementor-column-gap-no\">\n\t\t\t\t\t<div class=\"elementor-column elementor-col-50 elementor-top-column elementor-element elementor-element-17593858\" data-id=\"17593858\" data-element_type=\"column\" data-e-type=\"column\" data-settings=\"{&quot;background_background&quot;:&quot;classic&quot;}\">\n\t\t\t<div class=\"elementor-widget-wrap elementor-element-populated\">\n\t\t\t\t\t\t<div class=\"elementor-element elementor-element-5b83ea4e elementor-widget elementor-widget-spacer\" data-id=\"5b83ea4e\" data-element_type=\"widget\" data-e-type=\"widget\" data-widget_type=\"spacer.default\">\n\t\t\t\t<div class=\"elementor-widget-container\">\n\t\t\t\t\t\t\t<div class=\"elementor-spacer\">\n\t\t\t<div class=\"elementor-spacer-inner\"><\/div>\n\t\t<\/div>\n\t\t\t\t\t\t<\/div>\n\t\t\t\t<\/div>\n\t\t\t\t\t<\/div>\n\t\t<\/div>\n\t\t\t\t<div class=\"elementor-column elementor-col-50 elementor-top-column elementor-element elementor-element-137aaaae col50-texte\" data-id=\"137aaaae\" data-element_type=\"column\" data-e-type=\"column\" data-settings=\"{&quot;background_background&quot;:&quot;classic&quot;}\">\n\t\t\t<div class=\"elementor-widget-wrap elementor-element-populated\">\n\t\t\t\t\t\t<section class=\"elementor-section elementor-inner-section elementor-element elementor-element-5a798eb8 sect-interne-texte-alt elementor-section-boxed elementor-section-height-default elementor-section-height-default\" data-id=\"5a798eb8\" data-element_type=\"section\" data-e-type=\"section\">\n\t\t\t\t\t\t<div class=\"elementor-container elementor-column-gap-default\">\n\t\t\t\t\t<div class=\"elementor-column elementor-col-100 elementor-inner-column elementor-element elementor-element-37c2173d\" data-id=\"37c2173d\" data-element_type=\"column\" data-e-type=\"column\">\n\t\t\t<div class=\"elementor-widget-wrap elementor-element-populated\">\n\t\t\t\t\t\t<div class=\"elementor-element elementor-element-c240dfd titre2lignes bicolor elementor-widget elementor-widget-heading\" data-id=\"c240dfd\" data-element_type=\"widget\" data-e-type=\"widget\" data-widget_type=\"heading.default\">\n\t\t\t\t<div class=\"elementor-widget-container\">\n\t\t\t\t\t<h2 class=\"elementor-heading-title elementor-size-default\">DER HEILIGEN MARIEN<i>In Arles<\/i><\/h2>\t\t\t\t<\/div>\n\t\t\t\t<\/div>\n\t\t\t\t<div class=\"elementor-element elementor-element-4b3573d7 elementor-invisible elementor-widget elementor-widget-text-editor\" data-id=\"4b3573d7\" data-element_type=\"widget\" data-e-type=\"widget\" data-settings=\"{&quot;_animation&quot;:&quot;fadeInRight&quot;}\" data-widget_type=\"text-editor.default\">\n\t\t\t\t<div class=\"elementor-widget-container\">\n\t\t\t\t\t\t\t\t\t<p>Die Einheimischen unterscheiden drei verschiedene Teile der Camargue. Die Grande Camargue zwischen den beiden Rh\u00f4ne-Armen, die Petite Camargue auf dem Boden des Departements Gard und der Plan du Bourg \u00f6stlich der Grand Rh\u00f4ne im Departement Bouches-du-Rh\u00f4ne.<br \/>Kurz gesagt: Der regionale Naturpark Camargue besteht aus Reisfeldern, Teichen und einem Kanal. Es ist ein sehr feuchtes Gebiet, was einen interessanten Reichtum an Flora und Fauna beg\u00fcnstigt.<br \/>Von Enten \u00fcber Flamingos bis hin zu Sandlilien: Naturliebhaber werden ihren Spaziergang in der Camargue genie\u00dfen. Bringen Sie Anti-M\u00fcckenmittel mit, denn Sie werden mit etwa 40 verschiedenen Arten konfrontiert.<\/p>\t\t\t\t\t\t\t\t<\/div>\n\t\t\t\t<\/div>\n\t\t\t\t\t<\/div>\n\t\t<\/div>\n\t\t\t\t\t<\/div>\n\t\t<\/section>\n\t\t\t\t\t<\/div>\n\t\t<\/div>\n\t\t\t\t\t<\/div>\n\t\t<\/section>\n\t\t\t\t<section class=\"elementor-section elementor-top-section elementor-element elementor-element-660fc3 elementor-section-full_width elementor-section-height-min-height elementor-section-items-stretch elementor-reverse-tablet elementor-reverse-mobile elementor-section-height-default\" data-id=\"660fc3\" data-element_type=\"section\" data-e-type=\"section\">\n\t\t\t\t\t\t<div class=\"elementor-container elementor-column-gap-no\">\n\t\t\t\t\t<div class=\"elementor-column elementor-col-50 elementor-top-column elementor-element elementor-element-165ba686 col50-texte\" data-id=\"165ba686\" data-element_type=\"column\" data-e-type=\"column\" data-settings=\"{&quot;background_background&quot;:&quot;classic&quot;}\">\n\t\t\t<div class=\"elementor-widget-wrap elementor-element-populated\">\n\t\t\t\t\t\t<section class=\"elementor-section elementor-inner-section elementor-element elementor-element-5b61ebb7 sect-interne-texte-alt gauche elementor-section-boxed elementor-section-height-default elementor-section-height-default\" data-id=\"5b61ebb7\" data-element_type=\"section\" data-e-type=\"section\">\n\t\t\t\t\t\t<div class=\"elementor-container elementor-column-gap-default\">\n\t\t\t\t\t<div class=\"elementor-column elementor-col-100 elementor-inner-column elementor-element elementor-element-e7c6176\" data-id=\"e7c6176\" data-element_type=\"column\" data-e-type=\"column\">\n\t\t\t<div class=\"elementor-widget-wrap elementor-element-populated\">\n\t\t\t\t\t\t<div class=\"elementor-element elementor-element-d2a05ac titre2lignes bicolor elementor-widget elementor-widget-heading\" data-id=\"d2a05ac\" data-element_type=\"widget\" data-e-type=\"widget\" data-widget_type=\"heading.default\">\n\t\t\t\t<div class=\"elementor-widget-container\">\n\t\t\t\t\t<h2 class=\"elementor-heading-title elementor-size-default\">Hotel Restaurant<i>Naturpark Camargue<\/i><\/h2>\t\t\t\t<\/div>\n\t\t\t\t<\/div>\n\t\t\t\t<div class=\"elementor-element elementor-element-44d287f8 elementor-invisible elementor-widget elementor-widget-text-editor\" data-id=\"44d287f8\" data-element_type=\"widget\" data-e-type=\"widget\" data-settings=\"{&quot;_animation&quot;:&quot;fadeInRight&quot;}\" data-widget_type=\"text-editor.default\">\n\t\t\t\t<div class=\"elementor-widget-container\">\n\t\t\t\t\t\t\t\t\t<p>Bei einem Aufenthalt in unserem Hotel-Restaurant im Naturpark Camargue Le Mangio Fango k\u00f6nnen Sie die Sonne an seinem Pool in Saintes-Maries-de-la-Mer genie\u00dfen. Nutzen Sie Ihren Aufenthalt, um sich zu entspannen, neue Horizonte zu entdecken, die frische, mediterrane Luft einzuatmen und neue Energie zu tanken. Auch Ihr Gaumen wird auf Reisen gehen, wenn Sie typische regionale Gerichte mit Stierfleisch oder frische Muscheln und Meeresfr\u00fcchte probieren.<\/p>\t\t\t\t\t\t\t\t<\/div>\n\t\t\t\t<\/div>\n\t\t\t\t\t<\/div>\n\t\t<\/div>\n\t\t\t\t\t<\/div>\n\t\t<\/section>\n\t\t\t\t\t<\/div>\n\t\t<\/div>\n\t\t\t\t<div class=\"elementor-column elementor-col-50 elementor-top-column elementor-element elementor-element-77732fd4\" data-id=\"77732fd4\" data-element_type=\"column\" data-e-type=\"column\" data-settings=\"{&quot;background_background&quot;:&quot;classic&quot;}\">\n\t\t\t<div class=\"elementor-widget-wrap elementor-element-populated\">\n\t\t\t\t\t\t<div class=\"elementor-element elementor-element-2b991993 elementor-widget elementor-widget-spacer\" data-id=\"2b991993\" data-element_type=\"widget\" data-e-type=\"widget\" data-widget_type=\"spacer.default\">\n\t\t\t\t<div class=\"elementor-widget-container\">\n\t\t\t\t\t\t\t<div class=\"elementor-spacer\">\n\t\t\t<div class=\"elementor-spacer-inner\"><\/div>\n\t\t<\/div>\n\t\t\t\t\t\t<\/div>\n\t\t\t\t<\/div>\n\t\t\t\t\t<\/div>\n\t\t<\/div>\n\t\t\t\t\t<\/div>\n\t\t<\/section>\n\t\t\t\t<section class=\"elementor-section elementor-top-section elementor-element elementor-element-1677b77 elementor-section-full_width elementor-section-height-min-height elementor-section-items-stretch elementor-section-height-default\" data-id=\"1677b77\" data-element_type=\"section\" data-e-type=\"section\">\n\t\t\t\t\t\t<div class=\"elementor-container elementor-column-gap-no\">\n\t\t\t\t\t<div class=\"elementor-column elementor-col-50 elementor-top-column elementor-element elementor-element-6b9beaa\" data-id=\"6b9beaa\" data-element_type=\"column\" data-e-type=\"column\" data-settings=\"{&quot;background_background&quot;:&quot;classic&quot;}\">\n\t\t\t<div class=\"elementor-widget-wrap elementor-element-populated\">\n\t\t\t\t\t\t<div class=\"elementor-element elementor-element-a01a77b elementor-widget elementor-widget-spacer\" data-id=\"a01a77b\" data-element_type=\"widget\" data-e-type=\"widget\" data-widget_type=\"spacer.default\">\n\t\t\t\t<div class=\"elementor-widget-container\">\n\t\t\t\t\t\t\t<div class=\"elementor-spacer\">\n\t\t\t<div class=\"elementor-spacer-inner\"><\/div>\n\t\t<\/div>\n\t\t\t\t\t\t<\/div>\n\t\t\t\t<\/div>\n\t\t\t\t\t<\/div>\n\t\t<\/div>\n\t\t\t\t<div class=\"elementor-column elementor-col-50 elementor-top-column elementor-element elementor-element-7d117f6 col50-texte\" data-id=\"7d117f6\" data-element_type=\"column\" data-e-type=\"column\" data-settings=\"{&quot;background_background&quot;:&quot;classic&quot;}\">\n\t\t\t<div class=\"elementor-widget-wrap elementor-element-populated\">\n\t\t\t\t\t\t<div class=\"elementor-element elementor-element-021f09b elementor-widget elementor-widget-template\" data-id=\"021f09b\" data-element_type=\"widget\" data-e-type=\"widget\" data-widget_type=\"template.default\">\n\t\t\t\t<div class=\"elementor-widget-container\">\n\t\t\t\t\t\t\t<div class=\"elementor-template\">\n\t\t\t\t\t<div data-elementor-type=\"section\" data-elementor-id=\"3587\" class=\"elementor elementor-3587\" data-elementor-post-type=\"elementor_library\">\n\t\t\t\t\t<section class=\"elementor-section elementor-inner-section elementor-element elementor-element-34316b85 sect-interne-texte-alt elementor-section-boxed elementor-section-height-default elementor-section-height-default\" data-id=\"34316b85\" data-element_type=\"section\" data-e-type=\"section\">\n\t\t\t\t\t\t<div class=\"elementor-container elementor-column-gap-default\">\n\t\t\t\t\t<div class=\"elementor-column elementor-col-100 elementor-inner-column elementor-element elementor-element-d75eab3\" data-id=\"d75eab3\" data-element_type=\"column\" data-e-type=\"column\">\n\t\t\t<div class=\"elementor-widget-wrap elementor-element-populated\">\n\t\t\t\t\t\t<div class=\"elementor-element elementor-element-4c1d26f2 titre2lignes bicolor elementor-widget elementor-widget-heading\" data-id=\"4c1d26f2\" data-element_type=\"widget\" data-e-type=\"widget\" data-widget_type=\"heading.default\">\n\t\t\t\t<div class=\"elementor-widget-container\">\n\t\t\t\t\t<h2 class=\"elementor-heading-title elementor-size-default\">Auch zu sehen<\/h2>\t\t\t\t<\/div>\n\t\t\t\t<\/div>\n\t\t<!-- hidden widget 217-a6d6ee1 -->\t\t<div class=\"elementor-element elementor-element-5025a306 dc-has-condition dc-condition-equal elementor-icon-list--layout-traditional elementor-list-item-link-full_width elementor-widget elementor-widget-icon-list\" data-id=\"5025a306\" data-element_type=\"widget\" data-e-type=\"widget\" data-widget_type=\"icon-list.default\">\n\t\t\t\t<div class=\"elementor-widget-container\">\n\t\t\t\t\t\t\t<ul class=\"elementor-icon-list-items\">\n\t\t\t\t\t\t\t<li class=\"elementor-icon-list-item\">\n\t\t\t\t\t\t\t\t\t\t\t<a href=\"https:\/\/www.hotelmangiofango.com\/de\/hotel-spa-sainte-marie-de-la-mer\/hotel-ste-marie-de-la-mer-camargue\/camargue-hotel-bord-de-mer\/\">\n\n\t\t\t\t\t\t\t\t\t\t\t\t<span class=\"elementor-icon-list-icon\">\n\t\t\t\t\t\t\t<svg xmlns=\"http:\/\/www.w3.org\/2000\/svg\" xmlns:xlink=\"http:\/\/www.w3.org\/1999\/xlink\" width=\"36.898\" height=\"36.898\" viewbox=\"0 0 36.898 36.898\"><defs><lineargradient id=\"linear-gradient\" x1=\"0.5\" x2=\"0.5\" y2=\"1\" gradientunits=\"objectBoundingBox\"><stop offset=\"0\" stop-color=\"#c94a74\"><\/stop><stop offset=\"1\" stop-color=\"#ad448f\"><\/stop><\/lineargradient><\/defs><g id=\"Groupe_29918\" data-name=\"Groupe 29918\" transform=\"translate(-188.878)\"><ellipse id=\"Ellipse_17\" data-name=\"Ellipse 17\" cx=\"18.449\" cy=\"18.449\" rx=\"18.449\" ry=\"18.449\" transform=\"translate(188.878)\" fill=\"url(#linear-gradient)\"><\/ellipse><path id=\"Trac&#xE9;_6316\" data-name=\"Trac&#xE9; 6316\" d=\"M1259.49,1983.221H1238.9m12.861,7.725,7.725-7.725-7.725-7.724\" transform=\"translate(-1043.159 -1964.461)\" fill=\"none\" stroke=\"#fff\" stroke-linecap=\"round\" stroke-linejoin=\"round\" stroke-width=\"2\"><\/path><\/g><\/svg>\t\t\t\t\t\t<\/span>\n\t\t\t\t\t\t\t\t\t\t<span class=\"elementor-icon-list-text\">Camargue-Kreuz<\/span>\n\t\t\t\t\t\t\t\t\t\t\t<\/a>\n\t\t\t\t\t\t\t\t\t<\/li>\n\t\t\t\t\t\t<\/ul>\n\t\t\t\t\t\t<\/div>\n\t\t\t\t<\/div>\n\t\t\t\t<div class=\"elementor-element elementor-element-cc5772a dc-has-condition dc-condition-equal elementor-icon-list--layout-traditional elementor-list-item-link-full_width elementor-widget elementor-widget-icon-list\" data-id=\"cc5772a\" data-element_type=\"widget\" data-e-type=\"widget\" data-widget_type=\"icon-list.default\">\n\t\t\t\t<div class=\"elementor-widget-container\">\n\t\t\t\t\t\t\t<ul class=\"elementor-icon-list-items\">\n\t\t\t\t\t\t\t<li class=\"elementor-icon-list-item\">\n\t\t\t\t\t\t\t\t\t\t\t<a href=\"https:\/\/www.hotelmangiofango.com\/de\/hotel-spa-sainte-marie-de-la-mer\/hotel-ste-marie-de-la-mer-camargue\/hotel-luxe-saintes-marie-de-la-mer\/\">\n\n\t\t\t\t\t\t\t\t\t\t\t\t<span class=\"elementor-icon-list-icon\">\n\t\t\t\t\t\t\t<svg xmlns=\"http:\/\/www.w3.org\/2000\/svg\" xmlns:xlink=\"http:\/\/www.w3.org\/1999\/xlink\" width=\"36.898\" height=\"36.898\" viewbox=\"0 0 36.898 36.898\"><defs><lineargradient id=\"linear-gradient\" x1=\"0.5\" x2=\"0.5\" y2=\"1\" gradientunits=\"objectBoundingBox\"><stop offset=\"0\" stop-color=\"#c94a74\"><\/stop><stop offset=\"1\" stop-color=\"#ad448f\"><\/stop><\/lineargradient><\/defs><g id=\"Groupe_29918\" data-name=\"Groupe 29918\" transform=\"translate(-188.878)\"><ellipse id=\"Ellipse_17\" data-name=\"Ellipse 17\" cx=\"18.449\" cy=\"18.449\" rx=\"18.449\" ry=\"18.449\" transform=\"translate(188.878)\" fill=\"url(#linear-gradient)\"><\/ellipse><path id=\"Trac&#xE9;_6316\" data-name=\"Trac&#xE9; 6316\" d=\"M1259.49,1983.221H1238.9m12.861,7.725,7.725-7.725-7.725-7.724\" transform=\"translate(-1043.159 -1964.461)\" fill=\"none\" stroke=\"#fff\" stroke-linecap=\"round\" stroke-linejoin=\"round\" stroke-width=\"2\"><\/path><\/g><\/svg>\t\t\t\t\t\t<\/span>\n\t\t\t\t\t\t\t\t\t\t<span class=\"elementor-icon-list-text\">Saintes-Maries de la Mer<\/span>\n\t\t\t\t\t\t\t\t\t\t\t<\/a>\n\t\t\t\t\t\t\t\t\t<\/li>\n\t\t\t\t\t\t<\/ul>\n\t\t\t\t\t\t<\/div>\n\t\t\t\t<\/div>\n\t\t\t\t<div class=\"elementor-element elementor-element-2027888 elementor-align-left elementor-mobile-align-left elementor-tablet-align-left elementor-widget elementor-widget-button\" data-id=\"2027888\" data-element_type=\"widget\" data-e-type=\"widget\" data-widget_type=\"button.default\">\n\t\t\t\t<div class=\"elementor-widget-container\">\n\t\t\t\t\t\t\t\t\t<div class=\"elementor-button-wrapper\">\n\t\t\t\t\t<a class=\"elementor-button elementor-button-link elementor-size-xs\" href=\"https:\/\/www.hotelmangiofango.com\/de\/hotel-spa-sainte-marie-de-la-mer\/hotel-ste-marie-de-la-mer-camargue\/\">\n\t\t\t\t\t\t<span class=\"elementor-button-content-wrapper\">\n\t\t\t\t\t\t<span class=\"elementor-button-icon\">\n\t\t\t\t<svg xmlns=\"http:\/\/www.w3.org\/2000\/svg\" viewbox=\"0 0 37 37\" width=\"37\" height=\"37\"><title>btn-arrow-svg<\/title><defs><lineargradient id=\"g1\" x1=\"18.6\" y1=\".1\" x2=\"18.6\" y2=\"37\" gradientunits=\"userSpaceOnUse\"><stop offset=\"0\" stop-color=\"#c94a74\"><\/stop><stop offset=\"1\" stop-color=\"#ad448f\"><\/stop><\/lineargradient><\/defs><style>\t\t.s0 { fill: url(#g1) } \t\t.s1 { fill: none;stroke: #ffffff;stroke-linecap: round;stroke-linejoin: round;stroke-width: 2 } \t<\/style><g id=\"Groupe_29918\"><circle id=\"Ellipse_17\" class=\"s0\" cx=\"18.6\" cy=\"18.6\" r=\"18.4\"><\/circle><path id=\"Trac&#xE9;_6316\" class=\"s1\" d=\"m9.5 18.2h20.6m-12.8 7.8l-7.7-7.8 7.7-7.7\"><\/path><\/g><\/svg>\t\t\t<\/span>\n\t\t\t\t\t\t\t\t\t<span class=\"elementor-button-text\">Zur\u00fcck <\/span>\n\t\t\t\t\t<\/span>\n\t\t\t\t\t<\/a>\n\t\t\t\t<\/div>\n\t\t\t\t\t\t\t\t<\/div>\n\t\t\t\t<\/div>\n\t\t\t\t\t<\/div>\n\t\t<\/div>\n\t\t\t\t\t<\/div>\n\t\t<\/section>\n\t\t\t\t<\/div>\n\t\t\t\t<\/div>\n\t\t\t\t\t\t<\/div>\n\t\t\t\t<\/div>\n\t\t\t\t\t<\/div>\n\t\t<\/div>\n\t\t\t\t\t<\/div>\n\t\t<\/section>\n\t\t\t\t<\/div>","protected":false},"excerpt":{"rendered":"<p>Le parc naturel Le charmed&rsquo;un espace unique Le Mangio Fango h\u00f4tel, Spa et restaurant est situ\u00e9 au beau milieu du Parc naturel r\u00e9gional de Camargue aux Saintes-Maries-de-la-Mer. Sa localisation en bord de mer offre la possibilit\u00e9 \u00e0 ses clients de profiter d\u2019une vue unique sur la Camargue, ses salins, ses marais, et ses plages.Le parc [&hellip;]<\/p>\n","protected":false},"author":5,"featured_media":0,"parent":201,"menu_order":0,"comment_status":"closed","ping_status":"closed","template":"","meta":{"inline_featured_image":false,"footnotes":""},"class_list":["post-217","page","type-page","status-publish","hentry"],"_links":{"self":[{"href":"https:\/\/www.hotelmangiofango.com\/de\/wp-json\/wp\/v2\/pages\/217","targetHints":{"allow":["GET"]}}],"collection":[{"href":"https:\/\/www.hotelmangiofango.com\/de\/wp-json\/wp\/v2\/pages"}],"about":[{"href":"https:\/\/www.hotelmangiofango.com\/de\/wp-json\/wp\/v2\/types\/page"}],"author":[{"embeddable":true,"href":"https:\/\/www.hotelmangiofango.com\/de\/wp-json\/wp\/v2\/users\/5"}],"replies":[{"embeddable":true,"href":"https:\/\/www.hotelmangiofango.com\/de\/wp-json\/wp\/v2\/comments?post=217"}],"version-history":[{"count":53,"href":"https:\/\/www.hotelmangiofango.com\/de\/wp-json\/wp\/v2\/pages\/217\/revisions"}],"predecessor-version":[{"id":5048,"href":"https:\/\/www.hotelmangiofango.com\/de\/wp-json\/wp\/v2\/pages\/217\/revisions\/5048"}],"up":[{"embeddable":true,"href":"https:\/\/www.hotelmangiofango.com\/de\/wp-json\/wp\/v2\/pages\/201"}],"wp:attachment":[{"href":"https:\/\/www.hotelmangiofango.com\/de\/wp-json\/wp\/v2\/media?parent=217"}],"curies":[{"name":"wp","href":"https:\/\/api.w.org\/{rel}","templated":true}]}}