{"id":1779,"date":"2022-04-24T13:57:07","date_gmt":"2022-04-24T11:57:07","guid":{"rendered":"https:\/\/www.hotelmangiofango.com\/?page_id=1779"},"modified":"2025-10-03T18:30:51","modified_gmt":"2025-10-03T16:30:51","slug":"news","status":"publish","type":"page","link":"https:\/\/www.hotelmangiofango.com\/en\/actualites\/","title":{"rendered":"News"},"content":{"rendered":"\t\t<div data-elementor-type=\"wp-page\" data-elementor-id=\"1779\" class=\"elementor elementor-1779\" data-elementor-post-type=\"page\">\n\t\t\t\t\t\t<section class=\"elementor-section elementor-top-section elementor-element elementor-element-db6dc7a elementor-section-height-min-height elementor-section-items-stretch elementor-section-content-bottom elementor-section-boxed elementor-section-height-default\" data-id=\"db6dc7a\" data-element_type=\"section\" data-e-type=\"section\" data-settings=\"{&quot;background_background&quot;:&quot;classic&quot;}\">\n\t\t\t\t\t\t<div class=\"elementor-container elementor-column-gap-default\">\n\t\t\t\t\t<div class=\"elementor-column elementor-col-100 elementor-top-column elementor-element elementor-element-df4a952\" data-id=\"df4a952\" data-element_type=\"column\" data-e-type=\"column\" data-settings=\"{&quot;background_background&quot;:&quot;classic&quot;}\">\n\t\t\t<div class=\"elementor-widget-wrap elementor-element-populated\">\n\t\t\t\t\t<div class=\"elementor-background-overlay\"><\/div>\n\t\t\t\t\t\t<div class=\"elementor-element elementor-element-1566de2 elementor-widget elementor-widget-heading\" data-id=\"1566de2\" data-element_type=\"widget\" data-e-type=\"widget\" data-widget_type=\"heading.default\">\n\t\t\t\t<div class=\"elementor-widget-container\">\n\t\t\t\t\t<h1 class=\"elementor-heading-title elementor-size-default\">Actualit\u00e9s<\/h1>\t\t\t\t<\/div>\n\t\t\t\t<\/div>\n\t\t\t\t\t<\/div>\n\t\t<\/div>\n\t\t\t\t\t<\/div>\n\t\t<\/section>\n\t\t\t\t<section class=\"elementor-section elementor-top-section elementor-element elementor-element-470a1938 elementor-section-boxed elementor-section-height-default elementor-section-height-default\" data-id=\"470a1938\" data-element_type=\"section\" data-e-type=\"section\" data-settings=\"{&quot;background_background&quot;:&quot;classic&quot;}\">\n\t\t\t\t\t\t\t<div class=\"elementor-background-overlay\"><\/div>\n\t\t\t\t\t\t\t<div class=\"elementor-container elementor-column-gap-no\">\n\t\t\t\t\t<div class=\"elementor-column elementor-col-100 elementor-top-column elementor-element elementor-element-4862dd93 col-texte-intro\" data-id=\"4862dd93\" data-element_type=\"column\" data-e-type=\"column\" data-settings=\"{&quot;background_background&quot;:&quot;classic&quot;}\">\n\t\t\t<div class=\"elementor-widget-wrap elementor-element-populated\">\n\t\t\t\t\t\t<div class=\"elementor-element elementor-element-510a34da titre2lignes bicolor elementor-widget elementor-widget-heading\" data-id=\"510a34da\" data-element_type=\"widget\" data-e-type=\"widget\" data-widget_type=\"heading.default\">\n\t\t\t\t<div class=\"elementor-widget-container\">\n\t\t\t\t\t<h2 class=\"elementor-heading-title elementor-size-default\">Actualit\u00e9s<i>Mangio Fango<\/i><\/h2>\t\t\t\t<\/div>\n\t\t\t\t<\/div>\n\t\t\t\t\t<\/div>\n\t\t<\/div>\n\t\t\t\t\t<\/div>\n\t\t<\/section>\n\t\t\t\t<section class=\"elementor-section elementor-top-section elementor-element elementor-element-ceea9b5 elementor-section-boxed elementor-section-height-default elementor-section-height-default\" data-id=\"ceea9b5\" data-element_type=\"section\" data-e-type=\"section\">\n\t\t\t\t\t\t<div class=\"elementor-container elementor-column-gap-default\">\n\t\t\t\t\t<div class=\"elementor-column elementor-col-100 elementor-top-column elementor-element elementor-element-b83b0a4\" data-id=\"b83b0a4\" data-element_type=\"column\" data-e-type=\"column\">\n\t\t\t<div class=\"elementor-widget-wrap elementor-element-populated\">\n\t\t\t\t\t\t<div class=\"elementor-element elementor-element-c153f8c elementor-pagination-type-bullets elementor-arrows-position-inside elementor-widget elementor-widget-offers-list\" data-id=\"c153f8c\" data-element_type=\"widget\" data-e-type=\"widget\" data-settings=\"{&quot;element_skin&quot;:&quot;list&quot;,&quot;space_between&quot;:{&quot;unit&quot;:&quot;px&quot;,&quot;size&quot;:10,&quot;sizes&quot;:[]},&quot;space_between_tablet&quot;:{&quot;unit&quot;:&quot;px&quot;,&quot;size&quot;:10,&quot;sizes&quot;:[]},&quot;space_between_mobile&quot;:{&quot;unit&quot;:&quot;px&quot;,&quot;size&quot;:10,&quot;sizes&quot;:[]},&quot;effect&quot;:&quot;slide&quot;,&quot;autoplay&quot;:&quot;no&quot;,&quot;swiper_arrows&quot;:&quot;yes&quot;,&quot;chevrons_visible&quot;:&quot;hover&quot;,&quot;cursor_grab&quot;:&quot;yes&quot;,&quot;carousel_first_only&quot;:&quot;no&quot;,&quot;infinite&quot;:&quot;yes&quot;,&quot;pagination&quot;:&quot;bullets&quot;,&quot;categories_filter&quot;:[&quot;*&quot;],&quot;item_ignore_filter&quot;:[],&quot;validity_date_format&quot;:&quot;long&quot;,&quot;row_gap&quot;:{&quot;unit&quot;:&quot;px&quot;,&quot;size&quot;:35,&quot;sizes&quot;:[]}}\" data-widget_type=\"offers-list.default\">\n\t\t\t\t<div class=\"elementor-widget-container\">\n\t\t\t\t\t                        <div class=\"eliophot-offers eliophot-offers__wrapper eliophot-base-list elementor-grid\">\n                    <input type=\"hidden\" class=\"api_id\" value=\"\">\n                            <div\n                class=\"eliophot-offer__container eliophot-base-list__container elementor-grid-item   eliophot-offer__skin-list eliophot-offer_ID_5570 \"\n                data-category=\"\"\n                data-title = \"S\u00e9jour Bien Etre pour 2 personnes\"\n                data-name = \"sejour-bien-etre-pour-2-personnes\"\n        >\n            \n        <div class=\"eliophot-carousel__slider elementor-swiper\">\n\n                            <div class=\"eliophot-carousel-wrapper elementor-main-swiper swiper\">\n                    <div class=\"elementor-image-carousel swiper-wrapper swiper-image-stretch\">\n                        <!-- Slides -->\n                                                    <div class=\"swiper-slide\">\n                                <div class=\"elementor-carousel-image slide-0-image\" style=\"background-image: url('https:\/\/www.hotelmangiofango.com\/wp-content\/uploads\/2024\/04\/IMG_8455-003.jpg');\"><\/div>\n                                <link itemprop=\"image\" href=\"https:\/\/www.hotelmangiofango.com\/wp-content\/uploads\/2024\/04\/IMG_8455-003.jpg\" \/>\n                            <\/div>\n                                            <\/div>\n\n                \n                <\/div>\n            \n        <\/div>\n                    <div class=\"eliophot-offer__body\">\n                        <!-- TODO: if page link enabled -->\n        <h3 class=\"eliophot-offer__title\">\n            <span class=\"title_before\"><\/span>\n            <a  href=\"https:\/\/www.hotelmangiofango.com\/en\/offres-speciales\/sejour-bien-etre-pour-2-personnes\/\">\n                            S\u00e9jour Bien Etre pour 2 personnes            <\/a>\n        <\/h3>\n                    <div class=\"eliophot-offer__summary\">\n                <p\n                                    >\n                                    <\/p>\n            <\/div>\n                    <div class=\"eliophot-offer__description\">\n            <p\n                            >\n                <span class=\"quote-in\"><\/span>\n                S\u00e9jour Bien Etre pour 2 personnes incluant<div><br><div><b>*1 nuit avec petits d\u00e9jeuners<\/b><\/div><div><b>*1 massage d'1h par personne<\/b><\/div><div><b>* 1h d'acc\u00e8s \u00e0 l'Espace Bien Etre ( sauna, hammam, tisanerie)<\/b><\/div><div><b><br><\/b><\/div><div>Prix valable du 06\/04\/2026 au 30\/04\/2026:<\/div><div>434 \u20ac en chambre Classique pour 2 personnes<\/div><div>453 \u20ac en chambre Sup\u00e9rieure pour 2 personnes<\/div><div>481 \u20ac en chambre Privil\u00e8ge pour 2 personnes<\/div><div><br><\/div><div>( * pour toute autre p\u00e9riode de s\u00e9jour, veuillez contacter le service Reservation)\u00a0<\/div><div><br><\/div><div><span style=\"font-size: 0.9rem;\">Contact R\u00e9servation: 04.90.97.80.56<\/span><br><\/div><div><span style=\"font-size: 0.9rem;\"><br><\/span><\/div><div><i>Les massages ne sont pas r\u00e9alisables en Duos sur ce forfait.\u00a0<\/i><\/div><div><br><\/div><\/div>                <span class=\"quote-out\"><\/span>\n            <\/p>\n        <\/div>\n                    <p class=\"eliophot-offer__validity\">\n            Offre valable du<span class=\"eliophot-offer__validity_start_date\" data-time=\"1775426400\">\n                        06 April 2026                    <\/span>\n                     to <span class=\"eliophot-offer__validity_end_date\" data-time=\"1777586399\">\n                    30 April 2026                    <\/span>\n                     inclus            <\/p>\n                        <\/div>\n\n            \n        <div class=\"eliophot-offer__cta\" itemprop=\"offers\" itemscope itemtype=\"https:\/\/schema.org\/Offer\">\n            <div class=\"eliophot-offer__cta_container\">\n                                    <input type=\"hidden\" name=\"id_offer\" value=\"5570\"\/>\n                    <div class=\"eliophot-offer__cta_title\" itemprop=\"priceSpecification\" itemscope itemtype=\"https:\/\/schema.org\/UnitPriceSpecification\">\n                                                    <span class=\"eliophot-offer__cta_heading\">\u00c0 partir de<\/span>\n                            <span class=\"eliophot-offer__cta_unavail\" style=\"display: none\">Aucune disponibilit\u00e9<\/span>\n\n                            <div class=\"eliophot-offer__cta_price\">\n                            <span class=\"eliophot-offer__price_tag\" >\n                                434                            <\/span>\n<!--                                --><!--                                    <meta itemprop=\"priceCurrency\" content=\"EUR\"\/><span class=\"--><!--__price_unit\">\u20ac \/<\/span>-->\n<!--                                --><!--                                    <span class=\"--><!--__price_unit\">\u20ac \/<\/span>-->\n<!--                                -->                                <meta itemprop=\"unitCode\" content=\"DAY\"\/>\n                                <span class=\"eliophot-offer__cta_time\">\u20ac \/ nuit<\/span>\n                                <meta itemprop=\"availability\" content=\"https:\/\/schema.org\/InStock\"\/>\n\n                            <\/div>\n                                            <\/div>\n\n                                <div class=\"eliophot-offer__cta_buttons\">\n                \n                                            <a href=\"https:\/\/www.hotelmangiofango.com\/en\/offres-speciales\/sejour-bien-etre-pour-2-personnes\/\" class=\"eliophot-offer__cta_button eliophot-offer__cta_button_second elementor-button-link elementor-button elementor-size-sm \">\n                            D\u00e9couvrir                        <\/a>\n                                    <\/div>\n            <\/div>\n        <\/div>\n                            <\/div>\n                        <\/div>\n\n                \t\t\t\t<\/div>\n\t\t\t\t<\/div>\n\t\t\t\t\t<\/div>\n\t\t<\/div>\n\t\t\t\t\t<\/div>\n\t\t<\/section>\n\t\t\t\t<\/div>\n\t\t","protected":false},"excerpt":{"rendered":"<p>Actualit\u00e9s Actualit\u00e9sMangio Fango OFFRE SPECIALE SPA pour 2 personnes 45 minutes de Massage Corps personnalis\u00e9 + acc\u00e8s Spa 45 minutes Offre pour 2 personnes incluant :* 45 minutes par personne de Massage Corps Personnalis\u00e9 , aux huiles chaudes, senteurs fruit\u00e9es ou florales+* 45 minutes par personne d&rsquo;Acc\u00e8s SPA privatis\u00e9 ( acc\u00e8s sauna-hammam-tisanerie)Offre limit\u00e9e selon disponibilit\u00e9( [&hellip;]<\/p>\n","protected":false},"author":5,"featured_media":0,"parent":0,"menu_order":0,"comment_status":"closed","ping_status":"closed","template":"","meta":{"inline_featured_image":false,"footnotes":""},"class_list":["post-1779","page","type-page","status-publish","hentry"],"_links":{"self":[{"href":"https:\/\/www.hotelmangiofango.com\/en\/wp-json\/wp\/v2\/pages\/1779","targetHints":{"allow":["GET"]}}],"collection":[{"href":"https:\/\/www.hotelmangiofango.com\/en\/wp-json\/wp\/v2\/pages"}],"about":[{"href":"https:\/\/www.hotelmangiofango.com\/en\/wp-json\/wp\/v2\/types\/page"}],"author":[{"embeddable":true,"href":"https:\/\/www.hotelmangiofango.com\/en\/wp-json\/wp\/v2\/users\/5"}],"replies":[{"embeddable":true,"href":"https:\/\/www.hotelmangiofango.com\/en\/wp-json\/wp\/v2\/comments?post=1779"}],"version-history":[{"count":37,"href":"https:\/\/www.hotelmangiofango.com\/en\/wp-json\/wp\/v2\/pages\/1779\/revisions"}],"predecessor-version":[{"id":5788,"href":"https:\/\/www.hotelmangiofango.com\/en\/wp-json\/wp\/v2\/pages\/1779\/revisions\/5788"}],"wp:attachment":[{"href":"https:\/\/www.hotelmangiofango.com\/en\/wp-json\/wp\/v2\/media?parent=1779"}],"curies":[{"name":"wp","href":"https:\/\/api.w.org\/{rel}","templated":true}]}}