{"id":193,"date":"2022-04-15T15:45:01","date_gmt":"2022-04-15T13:45:01","guid":{"rendered":"https:\/\/www.hotelmangiofango.com\/?page_id=193"},"modified":"2025-07-20T10:08:55","modified_gmt":"2025-07-20T08:08:55","slug":"hotel-spa-sainte-marie-de-la-mer","status":"publish","type":"page","link":"https:\/\/www.hotelmangiofango.com\/it\/hotel-spa-sainte-marie-de-la-mer\/","title":{"rendered":"Albergo Spa Sainte Marie de la Mer"},"content":{"rendered":"<div data-elementor-type=\"wp-page\" data-elementor-id=\"193\" class=\"elementor elementor-193\" data-elementor-post-type=\"page\">\n\t\t\t\t\t\t<section class=\"elementor-section elementor-top-section elementor-element elementor-element-2412971c elementor-section-height-min-height elementor-section-items-stretch elementor-section-content-bottom elementor-section-boxed elementor-section-height-default\" data-id=\"2412971c\" data-element_type=\"section\" data-e-type=\"section\" data-settings=\"{&quot;background_background&quot;:&quot;classic&quot;}\">\n\t\t\t\t\t\t<div class=\"elementor-container elementor-column-gap-default\">\n\t\t\t\t\t<div class=\"elementor-column elementor-col-100 elementor-top-column elementor-element elementor-element-52574944\" data-id=\"52574944\" data-element_type=\"column\" data-e-type=\"column\" data-settings=\"{&quot;background_background&quot;:&quot;classic&quot;}\">\n\t\t\t<div class=\"elementor-widget-wrap elementor-element-populated\">\n\t\t\t\t\t<div class=\"elementor-background-overlay\"><\/div>\n\t\t\t\t\t\t<div class=\"elementor-element elementor-element-51bb4eab elementor-widget elementor-widget-heading\" data-id=\"51bb4eab\" data-element_type=\"widget\" data-e-type=\"widget\" data-widget_type=\"heading.default\">\n\t\t\t\t<div class=\"elementor-widget-container\">\n\t\t\t\t\t<h1 class=\"elementor-heading-title elementor-size-default\">Turismo<\/h1>\t\t\t\t<\/div>\n\t\t\t\t<\/div>\n\t\t\t\t\t<\/div>\n\t\t<\/div>\n\t\t\t\t\t<\/div>\n\t\t<\/section>\n\t\t\t\t<section class=\"elementor-section elementor-top-section elementor-element elementor-element-9ef86b3 elementor-section-height-min-height elementor-section-boxed elementor-section-height-default elementor-section-items-middle\" data-id=\"9ef86b3\" data-element_type=\"section\" data-e-type=\"section\" data-settings=\"{&quot;background_background&quot;:&quot;classic&quot;}\">\n\t\t\t\t\t\t\t<div class=\"elementor-background-overlay\"><\/div>\n\t\t\t\t\t\t\t<div class=\"elementor-container elementor-column-gap-no\">\n\t\t\t\t\t<div class=\"elementor-column elementor-col-100 elementor-top-column elementor-element elementor-element-c528f25 col50-texte\" data-id=\"c528f25\" data-element_type=\"column\" data-e-type=\"column\">\n\t\t\t<div class=\"elementor-widget-wrap elementor-element-populated\">\n\t\t\t\t\t\t<div class=\"elementor-element elementor-element-96d37f9 titre2lignes elementor-widget elementor-widget-heading\" data-id=\"96d37f9\" data-element_type=\"widget\" data-e-type=\"widget\" data-widget_type=\"heading.default\">\n\t\t\t\t<div class=\"elementor-widget-container\">\n\t\t\t\t\t<h2 class=\"elementor-heading-title elementor-size-default\">Libero<i>\ncome l'aria<\/i><\/h2>\t\t\t\t<\/div>\n\t\t\t\t<\/div>\n\t\t\t\t<div class=\"elementor-element elementor-element-e9e4af7 elementor-widget__width-initial elementor-invisible elementor-widget elementor-widget-text-editor\" data-id=\"e9e4af7\" data-element_type=\"widget\" data-e-type=\"widget\" data-settings=\"{&quot;_animation&quot;:&quot;fadeInRight&quot;}\" data-widget_type=\"text-editor.default\">\n\t\t\t\t<div class=\"elementor-widget-container\">\n\t\t\t\t\t\t\t\t\t<p>Qui il silenzio \u00e8 dorato come i tramonti sui canneti. Il fruscio del vento nei canneti, il volo degli aironi, il galoppo dei cavalli, il muggito lontano dei tori... tutta la natura si armonizza affinch\u00e9 il vostro incantevole soggiorno in Camargue resti impresso per sempre nei vostri ricordi.<br \/>Cullata dalle braccia del Rodano, la Camargue, selvaggia e romantica, \u00e8 un invito a condividere un'avventura unica in un'area protetta.<br \/>\"Isola eccezionale\", nota per i suoi paesaggi naturali e la sua ricchezza culturale, si pu\u00f2 scoprire a piedi o a cavallo, tra mare e stagni, spiagge e paludi, dove convivono fenicotteri rosa, garzette e anatre.<\/p><p>Per un weekend o una lunga vacanza in un Hotel Spa a Saintes Maries de la Mer, scopritelo, bello come sempre con il passare delle acque e delle stagioni!<\/p>\t\t\t\t\t\t\t\t<\/div>\n\t\t\t\t<\/div>\n\t\t\t\t<section class=\"elementor-section elementor-inner-section elementor-element elementor-element-f836a90 elementor-section-full_width elementor-section-height-default elementor-section-height-default\" data-id=\"f836a90\" data-element_type=\"section\" data-e-type=\"section\">\n\t\t\t\t\t\t<div class=\"elementor-container elementor-column-gap-default\">\n\t\t\t\t\t<div class=\"elementor-column elementor-col-33 elementor-inner-column elementor-element elementor-element-e7f9fde\" data-id=\"e7f9fde\" data-element_type=\"column\" data-e-type=\"column\" data-settings=\"{&quot;background_background&quot;:&quot;classic&quot;}\">\n\t\t\t<div class=\"elementor-widget-wrap elementor-element-populated\">\n\t\t\t\t\t\t<div class=\"elementor-element elementor-element-bbefbb1 elementor-widget elementor-widget-image\" data-id=\"bbefbb1\" data-element_type=\"widget\" data-e-type=\"widget\" data-widget_type=\"image.default\">\n\t\t\t\t<div class=\"elementor-widget-container\">\n\t\t\t\t\t\t\t\t\t\t\t\t\t\t\t<img fetchpriority=\"high\" decoding=\"async\" width=\"791\" height=\"766\" src=\"https:\/\/www.hotelmangiofango.com\/wp-content\/uploads\/2022\/04\/Tourisme5.jpg\" class=\"attachment-full size-full wp-image-1192\" alt=\"\" srcset=\"https:\/\/www.hotelmangiofango.com\/wp-content\/uploads\/2022\/04\/Tourisme5.jpg 791w, https:\/\/www.hotelmangiofango.com\/wp-content\/uploads\/2022\/04\/Tourisme5-300x291.jpg 300w, https:\/\/www.hotelmangiofango.com\/wp-content\/uploads\/2022\/04\/Tourisme5-768x744.jpg 768w, https:\/\/www.hotelmangiofango.com\/wp-content\/uploads\/2022\/04\/Tourisme5-12x12.jpg 12w\" sizes=\"(max-width: 791px) 100vw, 791px\" title=\"Foto -\">\t\t\t\t\t\t\t\t\t\t\t\t\t\t\t<\/div>\n\t\t\t\t<\/div>\n\t\t\t\t\t<\/div>\n\t\t<\/div>\n\t\t\t\t<div class=\"elementor-column elementor-col-33 elementor-inner-column elementor-element elementor-element-520d5dd\" data-id=\"520d5dd\" data-element_type=\"column\" data-e-type=\"column\" data-settings=\"{&quot;background_background&quot;:&quot;classic&quot;}\">\n\t\t\t<div class=\"elementor-widget-wrap elementor-element-populated\">\n\t\t\t\t\t\t<div class=\"elementor-element elementor-element-c7bd122 elementor-widget elementor-widget-image\" data-id=\"c7bd122\" data-element_type=\"widget\" data-e-type=\"widget\" data-widget_type=\"image.default\">\n\t\t\t\t<div class=\"elementor-widget-container\">\n\t\t\t\t\t\t\t\t\t\t\t\t\t\t\t<img decoding=\"async\" width=\"914\" height=\"766\" src=\"https:\/\/www.hotelmangiofango.com\/wp-content\/uploads\/2022\/04\/Tourisme6.jpg\" class=\"attachment-full size-full wp-image-1193\" alt=\"\" srcset=\"https:\/\/www.hotelmangiofango.com\/wp-content\/uploads\/2022\/04\/Tourisme6.jpg 914w, https:\/\/www.hotelmangiofango.com\/wp-content\/uploads\/2022\/04\/Tourisme6-300x251.jpg 300w, https:\/\/www.hotelmangiofango.com\/wp-content\/uploads\/2022\/04\/Tourisme6-768x644.jpg 768w, https:\/\/www.hotelmangiofango.com\/wp-content\/uploads\/2022\/04\/Tourisme6-14x12.jpg 14w\" sizes=\"(max-width: 914px) 100vw, 914px\" title=\"Foto -\">\t\t\t\t\t\t\t\t\t\t\t\t\t\t\t<\/div>\n\t\t\t\t<\/div>\n\t\t\t\t\t<\/div>\n\t\t<\/div>\n\t\t\t\t<div class=\"elementor-column elementor-col-33 elementor-inner-column elementor-element elementor-element-7dce048\" data-id=\"7dce048\" data-element_type=\"column\" data-e-type=\"column\" data-settings=\"{&quot;background_background&quot;:&quot;classic&quot;}\">\n\t\t\t<div class=\"elementor-widget-wrap elementor-element-populated\">\n\t\t\t\t\t\t<div class=\"elementor-element elementor-element-a109b0e elementor-widget elementor-widget-image\" data-id=\"a109b0e\" data-element_type=\"widget\" data-e-type=\"widget\" data-widget_type=\"image.default\">\n\t\t\t\t<div class=\"elementor-widget-container\">\n\t\t\t\t\t\t\t\t\t\t\t\t\t\t\t<img decoding=\"async\" width=\"839\" height=\"766\" src=\"https:\/\/www.hotelmangiofango.com\/wp-content\/uploads\/2022\/04\/Tourisme4.jpg\" class=\"attachment-full size-full wp-image-1191\" alt=\"\" srcset=\"https:\/\/www.hotelmangiofango.com\/wp-content\/uploads\/2022\/04\/Tourisme4.jpg 839w, https:\/\/www.hotelmangiofango.com\/wp-content\/uploads\/2022\/04\/Tourisme4-300x274.jpg 300w, https:\/\/www.hotelmangiofango.com\/wp-content\/uploads\/2022\/04\/Tourisme4-768x701.jpg 768w, https:\/\/www.hotelmangiofango.com\/wp-content\/uploads\/2022\/04\/Tourisme4-13x12.jpg 13w\" sizes=\"(max-width: 839px) 100vw, 839px\" title=\"Foto -\">\t\t\t\t\t\t\t\t\t\t\t\t\t\t\t<\/div>\n\t\t\t\t<\/div>\n\t\t\t\t\t<\/div>\n\t\t<\/div>\n\t\t\t\t\t<\/div>\n\t\t<\/section>\n\t\t\t\t<div class=\"elementor-element elementor-element-7540ecd elementor-mobile-align-left elementor-widget__width-auto btn-arrondi elementor-widget elementor-widget-button\" data-id=\"7540ecd\" data-element_type=\"widget\" data-e-type=\"widget\" data-widget_type=\"button.default\">\n\t\t\t\t<div class=\"elementor-widget-container\">\n\t\t\t\t\t\t\t\t\t<div class=\"elementor-button-wrapper\">\n\t\t\t\t\t<a class=\"elementor-button elementor-button-link elementor-size-lg\" href=\"https:\/\/www.hotelmangiofango.com\/it\/hotel-spa-sainte-marie-de-la-mer\/hotel-spa-en-camargue\/\">\n\t\t\t\t\t\t<span class=\"elementor-button-content-wrapper\">\n\t\t\t\t\t\t\t\t\t<span class=\"elementor-button-text\">Attivit\u00e0<\/span>\n\t\t\t\t\t<\/span>\n\t\t\t\t\t<\/a>\n\t\t\t\t<\/div>\n\t\t\t\t\t\t\t\t<\/div>\n\t\t\t\t<\/div>\n\t\t\t\t<div class=\"elementor-element elementor-element-e500e0b elementor-mobile-align-left elementor-widget__width-auto btn-arrondi elementor-widget elementor-widget-button\" data-id=\"e500e0b\" data-element_type=\"widget\" data-e-type=\"widget\" data-widget_type=\"button.default\">\n\t\t\t\t<div class=\"elementor-widget-container\">\n\t\t\t\t\t\t\t\t\t<div class=\"elementor-button-wrapper\">\n\t\t\t\t\t<a class=\"elementor-button elementor-button-link elementor-size-lg\" href=\"https:\/\/www.hotelmangiofango.com\/wp-content\/uploads\/2025\/07\/ACTIVITES-LOISIRS-2025.pdf\" target=\"_blank\">\n\t\t\t\t\t\t<span class=\"elementor-button-content-wrapper\">\n\t\t\t\t\t\t\t\t\t<span class=\"elementor-button-text\">Informazioni Loisirs 2025<\/span>\n\t\t\t\t\t<\/span>\n\t\t\t\t\t<\/a>\n\t\t\t\t<\/div>\n\t\t\t\t\t\t\t\t<\/div>\n\t\t\t\t<\/div>\n\t\t\t\t<div class=\"elementor-element elementor-element-405ec4a elementor-mobile-align-left elementor-widget__width-auto btn-arrondi elementor-widget elementor-widget-button\" data-id=\"405ec4a\" data-element_type=\"widget\" data-e-type=\"widget\" data-widget_type=\"button.default\">\n\t\t\t\t<div class=\"elementor-widget-container\">\n\t\t\t\t\t\t\t\t\t<div class=\"elementor-button-wrapper\">\n\t\t\t\t\t<a class=\"elementor-button elementor-button-link elementor-size-lg\" href=\"https:\/\/www.hotelmangiofango.com\/it\/hotel-spa-sainte-marie-de-la-mer\/hotel-ste-marie-de-la-mer-camargue\/\">\n\t\t\t\t\t\t<span class=\"elementor-button-content-wrapper\">\n\t\t\t\t\t\t\t\t\t<span class=\"elementor-button-text\">Visite<\/span>\n\t\t\t\t\t<\/span>\n\t\t\t\t\t<\/a>\n\t\t\t\t<\/div>\n\t\t\t\t\t\t\t\t<\/div>\n\t\t\t\t<\/div>\n\t\t\t\t\t<\/div>\n\t\t<\/div>\n\t\t\t\t\t<\/div>\n\t\t<\/section>\n\t\t\t\t<\/div>","protected":false},"excerpt":{"rendered":"<p>Tourisme Libres comme l&rsquo;air Ici, le silence est d\u2019or comme les couchers de soleil sur les roseaux. Le fr\u00e9missement du vent dans les roseli\u00e8res, l\u2019envol des h\u00e9rons, le galop des chevaux, le beuglement lointain des taureaux\u2026 toute la nature s\u2019harmonise pour que votre s\u00e9jour de charme en Camargue reste grav\u00e9 \u00e0 jamais dans vos m\u00e9moires.Berc\u00e9e [&hellip;]<\/p>\n","protected":false},"author":5,"featured_media":0,"parent":0,"menu_order":0,"comment_status":"closed","ping_status":"closed","template":"","meta":{"inline_featured_image":false,"footnotes":""},"class_list":["post-193","page","type-page","status-publish","hentry"],"_links":{"self":[{"href":"https:\/\/www.hotelmangiofango.com\/it\/wp-json\/wp\/v2\/pages\/193","targetHints":{"allow":["GET"]}}],"collection":[{"href":"https:\/\/www.hotelmangiofango.com\/it\/wp-json\/wp\/v2\/pages"}],"about":[{"href":"https:\/\/www.hotelmangiofango.com\/it\/wp-json\/wp\/v2\/types\/page"}],"author":[{"embeddable":true,"href":"https:\/\/www.hotelmangiofango.com\/it\/wp-json\/wp\/v2\/users\/5"}],"replies":[{"embeddable":true,"href":"https:\/\/www.hotelmangiofango.com\/it\/wp-json\/wp\/v2\/comments?post=193"}],"version-history":[{"count":140,"href":"https:\/\/www.hotelmangiofango.com\/it\/wp-json\/wp\/v2\/pages\/193\/revisions"}],"predecessor-version":[{"id":5714,"href":"https:\/\/www.hotelmangiofango.com\/it\/wp-json\/wp\/v2\/pages\/193\/revisions\/5714"}],"wp:attachment":[{"href":"https:\/\/www.hotelmangiofango.com\/it\/wp-json\/wp\/v2\/media?parent=193"}],"curies":[{"name":"wp","href":"https:\/\/api.w.org\/{rel}","templated":true}]}}