{"id":201,"date":"2022-04-15T15:52:43","date_gmt":"2022-04-15T13:52:43","guid":{"rendered":"https:\/\/www.hotelmangiofango.com\/?page_id=201"},"modified":"2022-06-07T17:44:55","modified_gmt":"2022-06-07T15:44:55","slug":"hotel-ste-marie-de-la-mer-camargue","status":"publish","type":"page","link":"https:\/\/www.hotelmangiofango.com\/it\/hotel-spa-sainte-marie-de-la-mer\/hotel-ste-marie-de-la-mer-camargue\/","title":{"rendered":"Albergo Ste Marie de la Mer Camargue"},"content":{"rendered":"<div data-elementor-type=\"wp-page\" data-elementor-id=\"201\" class=\"elementor elementor-201\" data-elementor-post-type=\"page\">\n\t\t\t\t\t\t<section class=\"elementor-section elementor-top-section elementor-element elementor-element-cb570e3 elementor-section-height-min-height elementor-section-items-stretch elementor-section-content-bottom elementor-section-boxed elementor-section-height-default\" data-id=\"cb570e3\" data-element_type=\"section\" data-e-type=\"section\" data-settings=\"{&quot;background_background&quot;:&quot;classic&quot;}\">\n\t\t\t\t\t\t<div class=\"elementor-container elementor-column-gap-default\">\n\t\t\t\t\t<div class=\"elementor-column elementor-col-100 elementor-top-column elementor-element elementor-element-586fdc1f\" data-id=\"586fdc1f\" data-element_type=\"column\" data-e-type=\"column\" data-settings=\"{&quot;background_background&quot;:&quot;classic&quot;}\">\n\t\t\t<div class=\"elementor-widget-wrap elementor-element-populated\">\n\t\t\t\t\t<div class=\"elementor-background-overlay\"><\/div>\n\t\t\t\t\t\t<div class=\"elementor-element elementor-element-25438bf9 elementor-widget elementor-widget-heading\" data-id=\"25438bf9\" data-element_type=\"widget\" data-e-type=\"widget\" data-widget_type=\"heading.default\">\n\t\t\t\t<div class=\"elementor-widget-container\">\n\t\t\t\t\t<h1 class=\"elementor-heading-title elementor-size-default\">Visite<\/h1>\t\t\t\t<\/div>\n\t\t\t\t<\/div>\n\t\t\t\t\t<\/div>\n\t\t<\/div>\n\t\t\t\t\t<\/div>\n\t\t<\/section>\n\t\t\t\t<section class=\"elementor-section elementor-top-section elementor-element elementor-element-33855657 elementor-section-height-min-height elementor-section-boxed elementor-section-height-default elementor-section-items-middle\" data-id=\"33855657\" data-element_type=\"section\" data-e-type=\"section\" id=\"sectionsuivante\" data-settings=\"{&quot;background_background&quot;:&quot;classic&quot;}\">\n\t\t\t\t\t\t\t<div class=\"elementor-background-overlay\"><\/div>\n\t\t\t\t\t\t\t<div class=\"elementor-container elementor-column-gap-no\">\n\t\t\t\t\t<div class=\"elementor-column elementor-col-50 elementor-top-column elementor-element elementor-element-332f2080 col-texte-intro\" data-id=\"332f2080\" data-element_type=\"column\" data-e-type=\"column\" data-settings=\"{&quot;background_background&quot;:&quot;classic&quot;}\">\n\t\t\t<div class=\"elementor-widget-wrap elementor-element-populated\">\n\t\t\t\t\t\t<div class=\"elementor-element elementor-element-2c94d2b7 titre2lignes bicolor elementor-widget elementor-widget-heading\" data-id=\"2c94d2b7\" data-element_type=\"widget\" data-e-type=\"widget\" data-widget_type=\"heading.default\">\n\t\t\t\t<div class=\"elementor-widget-container\">\n\t\t\t\t\t<h2 class=\"elementor-heading-title elementor-size-default\">Territori<i>\ne storia<\/i><\/h2>\t\t\t\t<\/div>\n\t\t\t\t<\/div>\n\t\t\t\t<div class=\"elementor-element elementor-element-419bc7c elementor-invisible elementor-widget elementor-widget-text-editor\" data-id=\"419bc7c\" data-element_type=\"widget\" data-e-type=\"widget\" data-settings=\"{&quot;_animation&quot;:&quot;fadeInRight&quot;}\" data-widget_type=\"text-editor.default\">\n\t\t\t\t<div class=\"elementor-widget-container\">\n\t\t\t\t\t\t\t\t\t<p>Le tradizioni fortemente radicate nella vita dei Camarguais offrono superbe feste durante tutto l'anno. Arl\u00e9siennes, gardians, tori e cavalli sono al centro dei pi\u00f9 grandi eventi. Solo a Saintes Maries de la Mer, le corse e gli abrivados della Camargue si susseguono per il piacere di tutti. La F\u00e9ria, da non perdere a luglio, offre agli appassionati e ai neofiti una variet\u00e0 di spettacoli e scambi intorno al cavallo.<br \/>Dal nostro hotel di Saintes Maries de la Mer, la Camargue assume tutti i sensi, tra natura e cultura.<\/p>\t\t\t\t\t\t\t\t<\/div>\n\t\t\t\t<\/div>\n\t\t\t\t\t<\/div>\n\t\t<\/div>\n\t\t\t\t<div class=\"elementor-column elementor-col-50 elementor-top-column elementor-element elementor-element-53e9f935\" data-id=\"53e9f935\" data-element_type=\"column\" data-e-type=\"column\">\n\t\t\t<div class=\"elementor-widget-wrap elementor-element-populated\">\n\t\t\t\t\t\t<div class=\"elementor-element elementor-element-26f3be3 elementor-widget elementor-widget-spacer\" data-id=\"26f3be3\" data-element_type=\"widget\" data-e-type=\"widget\" data-widget_type=\"spacer.default\">\n\t\t\t\t<div class=\"elementor-widget-container\">\n\t\t\t\t\t\t\t<div class=\"elementor-spacer\">\n\t\t\t<div class=\"elementor-spacer-inner\"><\/div>\n\t\t<\/div>\n\t\t\t\t\t\t<\/div>\n\t\t\t\t<\/div>\n\t\t\t\t\t<\/div>\n\t\t<\/div>\n\t\t\t\t\t<\/div>\n\t\t<\/section>\n\t\t\t\t<section class=\"elementor-section elementor-top-section elementor-element elementor-element-ea1054f elementor-section-full_width elementor-section-height-min-height elementor-section-items-stretch elementor-reverse-tablet elementor-reverse-mobile elementor-section-height-default\" data-id=\"ea1054f\" data-element_type=\"section\" data-e-type=\"section\">\n\t\t\t\t\t\t<div class=\"elementor-container elementor-column-gap-no\">\n\t\t\t\t\t<div class=\"elementor-column elementor-col-50 elementor-top-column elementor-element elementor-element-b821ef2 col50-texte\" data-id=\"b821ef2\" data-element_type=\"column\" data-e-type=\"column\" data-settings=\"{&quot;background_background&quot;:&quot;classic&quot;}\">\n\t\t\t<div class=\"elementor-widget-wrap elementor-element-populated\">\n\t\t\t\t\t\t<section class=\"elementor-section elementor-inner-section elementor-element elementor-element-950f6f8 sect-interne-texte-alt gauche elementor-section-boxed elementor-section-height-default elementor-section-height-default\" data-id=\"950f6f8\" data-element_type=\"section\" data-e-type=\"section\">\n\t\t\t\t\t\t<div class=\"elementor-container elementor-column-gap-default\">\n\t\t\t\t\t<div class=\"elementor-column elementor-col-100 elementor-inner-column elementor-element elementor-element-aad0d10\" data-id=\"aad0d10\" data-element_type=\"column\" data-e-type=\"column\">\n\t\t\t<div class=\"elementor-widget-wrap elementor-element-populated\">\n\t\t\t\t\t\t<div class=\"elementor-element elementor-element-29f9502 titre2lignes bicolor elementor-widget elementor-widget-heading\" data-id=\"29f9502\" data-element_type=\"widget\" data-e-type=\"widget\" data-widget_type=\"heading.default\">\n\t\t\t\t<div class=\"elementor-widget-container\">\n\t\t\t\t\t<h2 class=\"elementor-heading-title elementor-size-default\">Les Saintes-Maries<i>\ndel mare<\/i><\/h2>\t\t\t\t<\/div>\n\t\t\t\t<\/div>\n\t\t\t\t<div class=\"elementor-element elementor-element-e150e65 elementor-invisible elementor-widget elementor-widget-text-editor\" data-id=\"e150e65\" data-element_type=\"widget\" data-e-type=\"widget\" data-settings=\"{&quot;_animation&quot;:&quot;fadeInRight&quot;}\" data-widget_type=\"text-editor.default\">\n\t\t\t\t<div class=\"elementor-widget-container\">\n\t\t\t\t\t\t\t\t\t<p>In Camargue ci sono quattro spiagge che potete percorrere con la famiglia, da soli o in coppia partendo dal nostro hotel a Saintes Maries de la Mer.<\/p>\t\t\t\t\t\t\t\t<\/div>\n\t\t\t\t<\/div>\n\t\t\t\t<div class=\"elementor-element elementor-element-f07f2f3 elementor-mobile-align-left elementor-widget elementor-widget-button\" data-id=\"f07f2f3\" data-element_type=\"widget\" data-e-type=\"widget\" data-widget_type=\"button.default\">\n\t\t\t\t<div class=\"elementor-widget-container\">\n\t\t\t\t\t\t\t\t\t<div class=\"elementor-button-wrapper\">\n\t\t\t\t\t<a class=\"elementor-button elementor-button-link elementor-size-xs\" href=\"https:\/\/www.hotelmangiofango.com\/it\/hotel-spa-sainte-marie-de-la-mer\/hotel-ste-marie-de-la-mer-camargue\/hotel-luxe-saintes-marie-de-la-mer\/\">\n\t\t\t\t\t\t<span class=\"elementor-button-content-wrapper\">\n\t\t\t\t\t\t<span class=\"elementor-button-icon\">\n\t\t\t\t<svg xmlns=\"http:\/\/www.w3.org\/2000\/svg\" xmlns:xlink=\"http:\/\/www.w3.org\/1999\/xlink\" id=\"Groupe_2621\" data-name=\"Groupe 2621\" width=\"36.898\" height=\"36.898\" viewbox=\"0 0 36.898 36.898\"><defs><lineargradient id=\"linear-gradient\" x1=\"0.5\" x2=\"0.5\" y2=\"1\" gradientunits=\"objectBoundingBox\"><stop offset=\"0\" stop-color=\"#c94a74\"><\/stop><stop offset=\"1\" stop-color=\"#ad448f\"><\/stop><\/lineargradient><\/defs><ellipse id=\"Ellipse_17\" data-name=\"Ellipse 17\" cx=\"18.449\" cy=\"18.449\" rx=\"18.449\" ry=\"18.449\" fill=\"url(#linear-gradient)\"><\/ellipse><path id=\"Trac&#xE9;_6316\" data-name=\"Trac&#xE9; 6316\" d=\"M1259.49,1983.221H1238.9m12.861,7.725,7.725-7.725-7.725-7.724\" transform=\"translate(-1232.037 -1964.461)\" fill=\"none\" stroke=\"#fff\" stroke-linecap=\"round\" stroke-linejoin=\"round\" stroke-width=\"2\"><\/path><\/svg>\t\t\t<\/span>\n\t\t\t\t\t\t\t\t\t<span class=\"elementor-button-text\">Scoprire<\/span>\n\t\t\t\t\t<\/span>\n\t\t\t\t\t<\/a>\n\t\t\t\t<\/div>\n\t\t\t\t\t\t\t\t<\/div>\n\t\t\t\t<\/div>\n\t\t\t\t\t<\/div>\n\t\t<\/div>\n\t\t\t\t\t<\/div>\n\t\t<\/section>\n\t\t\t\t\t<\/div>\n\t\t<\/div>\n\t\t\t\t<div class=\"elementor-column elementor-col-50 elementor-top-column elementor-element elementor-element-bf29121\" data-id=\"bf29121\" data-element_type=\"column\" data-e-type=\"column\" data-settings=\"{&quot;background_background&quot;:&quot;classic&quot;}\">\n\t\t\t<div class=\"elementor-widget-wrap elementor-element-populated\">\n\t\t\t\t\t\t<div class=\"elementor-element elementor-element-7cb0bc6 elementor-widget elementor-widget-spacer\" data-id=\"7cb0bc6\" data-element_type=\"widget\" data-e-type=\"widget\" data-widget_type=\"spacer.default\">\n\t\t\t\t<div class=\"elementor-widget-container\">\n\t\t\t\t\t\t\t<div class=\"elementor-spacer\">\n\t\t\t<div class=\"elementor-spacer-inner\"><\/div>\n\t\t<\/div>\n\t\t\t\t\t\t<\/div>\n\t\t\t\t<\/div>\n\t\t\t\t\t<\/div>\n\t\t<\/div>\n\t\t\t\t\t<\/div>\n\t\t<\/section>\n\t\t\t\t<section class=\"elementor-section elementor-top-section elementor-element elementor-element-20b1ab2 elementor-section-full_width elementor-section-height-min-height elementor-section-items-stretch elementor-section-height-default\" data-id=\"20b1ab2\" data-element_type=\"section\" data-e-type=\"section\">\n\t\t\t\t\t\t<div class=\"elementor-container elementor-column-gap-no\">\n\t\t\t\t\t<div class=\"elementor-column elementor-col-50 elementor-top-column elementor-element elementor-element-255632a\" data-id=\"255632a\" data-element_type=\"column\" data-e-type=\"column\" data-settings=\"{&quot;background_background&quot;:&quot;classic&quot;}\">\n\t\t\t<div class=\"elementor-widget-wrap elementor-element-populated\">\n\t\t\t\t\t\t<div class=\"elementor-element elementor-element-cf28f59 elementor-widget elementor-widget-spacer\" data-id=\"cf28f59\" data-element_type=\"widget\" data-e-type=\"widget\" data-widget_type=\"spacer.default\">\n\t\t\t\t<div class=\"elementor-widget-container\">\n\t\t\t\t\t\t\t<div class=\"elementor-spacer\">\n\t\t\t<div class=\"elementor-spacer-inner\"><\/div>\n\t\t<\/div>\n\t\t\t\t\t\t<\/div>\n\t\t\t\t<\/div>\n\t\t\t\t\t<\/div>\n\t\t<\/div>\n\t\t\t\t<div class=\"elementor-column elementor-col-50 elementor-top-column elementor-element elementor-element-6a31970 col50-texte\" data-id=\"6a31970\" data-element_type=\"column\" data-e-type=\"column\" data-settings=\"{&quot;background_background&quot;:&quot;classic&quot;}\">\n\t\t\t<div class=\"elementor-widget-wrap elementor-element-populated\">\n\t\t\t\t\t\t<section class=\"elementor-section elementor-inner-section elementor-element elementor-element-5fe6c9f sect-interne-texte-alt elementor-section-boxed elementor-section-height-default elementor-section-height-default\" data-id=\"5fe6c9f\" data-element_type=\"section\" data-e-type=\"section\">\n\t\t\t\t\t\t<div class=\"elementor-container elementor-column-gap-default\">\n\t\t\t\t\t<div class=\"elementor-column elementor-col-100 elementor-inner-column elementor-element elementor-element-e84603b\" data-id=\"e84603b\" data-element_type=\"column\" data-e-type=\"column\">\n\t\t\t<div class=\"elementor-widget-wrap elementor-element-populated\">\n\t\t\t\t\t\t<div class=\"elementor-element elementor-element-ecac86b titre2lignes bicolor elementor-widget elementor-widget-heading\" data-id=\"ecac86b\" data-element_type=\"widget\" data-e-type=\"widget\" data-widget_type=\"heading.default\">\n\t\t\t\t<div class=\"elementor-widget-container\">\n\t\t\t\t\t<h2 class=\"elementor-heading-title elementor-size-default\">La croce<i>\ndella Camargue<\/i><\/h2>\t\t\t\t<\/div>\n\t\t\t\t<\/div>\n\t\t\t\t<div class=\"elementor-element elementor-element-a354a16 elementor-invisible elementor-widget elementor-widget-text-editor\" data-id=\"a354a16\" data-element_type=\"widget\" data-e-type=\"widget\" data-settings=\"{&quot;_animation&quot;:&quot;fadeInRight&quot;}\" data-widget_type=\"text-editor.default\">\n\t\t\t\t<div class=\"elementor-widget-container\">\n\t\t\t\t\t\t\t\t\t<p>\"Fede, speranza e carit\u00e0\" \u00e8 il credo degli abitanti di Saint-Etienne, simboleggiato dalla croce della Camargue.<\/p>\t\t\t\t\t\t\t\t<\/div>\n\t\t\t\t<\/div>\n\t\t\t\t<div class=\"elementor-element elementor-element-f5885bd elementor-mobile-align-left elementor-widget elementor-widget-button\" data-id=\"f5885bd\" data-element_type=\"widget\" data-e-type=\"widget\" data-widget_type=\"button.default\">\n\t\t\t\t<div class=\"elementor-widget-container\">\n\t\t\t\t\t\t\t\t\t<div class=\"elementor-button-wrapper\">\n\t\t\t\t\t<a class=\"elementor-button elementor-button-link elementor-size-xs\" href=\"https:\/\/www.hotelmangiofango.com\/it\/hotel-spa-sainte-marie-de-la-mer\/hotel-ste-marie-de-la-mer-camargue\/camargue-hotel-bord-de-mer\/\">\n\t\t\t\t\t\t<span class=\"elementor-button-content-wrapper\">\n\t\t\t\t\t\t<span class=\"elementor-button-icon\">\n\t\t\t\t<svg xmlns=\"http:\/\/www.w3.org\/2000\/svg\" xmlns:xlink=\"http:\/\/www.w3.org\/1999\/xlink\" id=\"Groupe_2621\" data-name=\"Groupe 2621\" width=\"36.898\" height=\"36.898\" viewbox=\"0 0 36.898 36.898\"><defs><lineargradient id=\"linear-gradient\" x1=\"0.5\" x2=\"0.5\" y2=\"1\" gradientunits=\"objectBoundingBox\"><stop offset=\"0\" stop-color=\"#c94a74\"><\/stop><stop offset=\"1\" stop-color=\"#ad448f\"><\/stop><\/lineargradient><\/defs><ellipse id=\"Ellipse_17\" data-name=\"Ellipse 17\" cx=\"18.449\" cy=\"18.449\" rx=\"18.449\" ry=\"18.449\" fill=\"url(#linear-gradient)\"><\/ellipse><path id=\"Trac&#xE9;_6316\" data-name=\"Trac&#xE9; 6316\" d=\"M1259.49,1983.221H1238.9m12.861,7.725,7.725-7.725-7.725-7.724\" transform=\"translate(-1232.037 -1964.461)\" fill=\"none\" stroke=\"#fff\" stroke-linecap=\"round\" stroke-linejoin=\"round\" stroke-width=\"2\"><\/path><\/svg>\t\t\t<\/span>\n\t\t\t\t\t\t\t\t\t<span class=\"elementor-button-text\">Scoprire<\/span>\n\t\t\t\t\t<\/span>\n\t\t\t\t\t<\/a>\n\t\t\t\t<\/div>\n\t\t\t\t\t\t\t\t<\/div>\n\t\t\t\t<\/div>\n\t\t\t\t\t<\/div>\n\t\t<\/div>\n\t\t\t\t\t<\/div>\n\t\t<\/section>\n\t\t\t\t\t<\/div>\n\t\t<\/div>\n\t\t\t\t\t<\/div>\n\t\t<\/section>\n\t\t\t\t<section class=\"elementor-section elementor-top-section elementor-element elementor-element-61cbc40 elementor-section-full_width elementor-section-height-min-height elementor-section-items-stretch elementor-reverse-tablet elementor-reverse-mobile elementor-section-height-default\" data-id=\"61cbc40\" data-element_type=\"section\" data-e-type=\"section\">\n\t\t\t\t\t\t<div class=\"elementor-container elementor-column-gap-no\">\n\t\t\t\t\t<div class=\"elementor-column elementor-col-50 elementor-top-column elementor-element elementor-element-9490726 col50-texte\" data-id=\"9490726\" data-element_type=\"column\" data-e-type=\"column\" data-settings=\"{&quot;background_background&quot;:&quot;classic&quot;}\">\n\t\t\t<div class=\"elementor-widget-wrap elementor-element-populated\">\n\t\t\t\t\t\t<section class=\"elementor-section elementor-inner-section elementor-element elementor-element-7ffd491 sect-interne-texte-alt gauche elementor-section-boxed elementor-section-height-default elementor-section-height-default\" data-id=\"7ffd491\" data-element_type=\"section\" data-e-type=\"section\">\n\t\t\t\t\t\t<div class=\"elementor-container elementor-column-gap-default\">\n\t\t\t\t\t<div class=\"elementor-column elementor-col-100 elementor-inner-column elementor-element elementor-element-f604f83\" data-id=\"f604f83\" data-element_type=\"column\" data-e-type=\"column\">\n\t\t\t<div class=\"elementor-widget-wrap elementor-element-populated\">\n\t\t\t\t\t\t<div class=\"elementor-element elementor-element-a862224 titre2lignes bicolor elementor-widget elementor-widget-heading\" data-id=\"a862224\" data-element_type=\"widget\" data-e-type=\"widget\" data-widget_type=\"heading.default\">\n\t\t\t\t<div class=\"elementor-widget-container\">\n\t\t\t\t\t<h2 class=\"elementor-heading-title elementor-size-default\">Il parco<i>\nnaturale<\/i><\/h2>\t\t\t\t<\/div>\n\t\t\t\t<\/div>\n\t\t\t\t<div class=\"elementor-element elementor-element-7cd2484 elementor-invisible elementor-widget elementor-widget-text-editor\" data-id=\"7cd2484\" data-element_type=\"widget\" data-e-type=\"widget\" data-settings=\"{&quot;_animation&quot;:&quot;fadeInRight&quot;}\" data-widget_type=\"text-editor.default\">\n\t\t\t\t<div class=\"elementor-widget-container\">\n\t\t\t\t\t\t\t\t\t<p>Il Parco Naturale della Camargue si trova nel sud della Francia, nella parte occidentale della regione Provenza-Alpi-Costa Azzurra, nei dipartimenti Bouches-du-Rh\u00f4ne e Gard.<\/p>\t\t\t\t\t\t\t\t<\/div>\n\t\t\t\t<\/div>\n\t\t\t\t<div class=\"elementor-element elementor-element-1901b39 elementor-mobile-align-left elementor-widget elementor-widget-button\" data-id=\"1901b39\" data-element_type=\"widget\" data-e-type=\"widget\" data-widget_type=\"button.default\">\n\t\t\t\t<div class=\"elementor-widget-container\">\n\t\t\t\t\t\t\t\t\t<div class=\"elementor-button-wrapper\">\n\t\t\t\t\t<a class=\"elementor-button elementor-button-link elementor-size-xs\" href=\"https:\/\/www.hotelmangiofango.com\/it\/hotel-spa-sainte-marie-de-la-mer\/hotel-ste-marie-de-la-mer-camargue\/parc-naturel-camargue\/\">\n\t\t\t\t\t\t<span class=\"elementor-button-content-wrapper\">\n\t\t\t\t\t\t<span class=\"elementor-button-icon\">\n\t\t\t\t<svg xmlns=\"http:\/\/www.w3.org\/2000\/svg\" xmlns:xlink=\"http:\/\/www.w3.org\/1999\/xlink\" id=\"Groupe_2621\" data-name=\"Groupe 2621\" width=\"36.898\" height=\"36.898\" viewbox=\"0 0 36.898 36.898\"><defs><lineargradient id=\"linear-gradient\" x1=\"0.5\" x2=\"0.5\" y2=\"1\" gradientunits=\"objectBoundingBox\"><stop offset=\"0\" stop-color=\"#c94a74\"><\/stop><stop offset=\"1\" stop-color=\"#ad448f\"><\/stop><\/lineargradient><\/defs><ellipse id=\"Ellipse_17\" data-name=\"Ellipse 17\" cx=\"18.449\" cy=\"18.449\" rx=\"18.449\" ry=\"18.449\" fill=\"url(#linear-gradient)\"><\/ellipse><path id=\"Trac&#xE9;_6316\" data-name=\"Trac&#xE9; 6316\" d=\"M1259.49,1983.221H1238.9m12.861,7.725,7.725-7.725-7.725-7.724\" transform=\"translate(-1232.037 -1964.461)\" fill=\"none\" stroke=\"#fff\" stroke-linecap=\"round\" stroke-linejoin=\"round\" stroke-width=\"2\"><\/path><\/svg>\t\t\t<\/span>\n\t\t\t\t\t\t\t\t\t<span class=\"elementor-button-text\">Scoprire<\/span>\n\t\t\t\t\t<\/span>\n\t\t\t\t\t<\/a>\n\t\t\t\t<\/div>\n\t\t\t\t\t\t\t\t<\/div>\n\t\t\t\t<\/div>\n\t\t\t\t\t<\/div>\n\t\t<\/div>\n\t\t\t\t\t<\/div>\n\t\t<\/section>\n\t\t\t\t\t<\/div>\n\t\t<\/div>\n\t\t\t\t<div class=\"elementor-column elementor-col-50 elementor-top-column elementor-element elementor-element-8e9cfdd\" data-id=\"8e9cfdd\" data-element_type=\"column\" data-e-type=\"column\" data-settings=\"{&quot;background_background&quot;:&quot;classic&quot;}\">\n\t\t\t<div class=\"elementor-widget-wrap elementor-element-populated\">\n\t\t\t\t\t\t<div class=\"elementor-element elementor-element-1f18751 elementor-widget elementor-widget-spacer\" data-id=\"1f18751\" data-element_type=\"widget\" data-e-type=\"widget\" data-widget_type=\"spacer.default\">\n\t\t\t\t<div class=\"elementor-widget-container\">\n\t\t\t\t\t\t\t<div class=\"elementor-spacer\">\n\t\t\t<div class=\"elementor-spacer-inner\"><\/div>\n\t\t<\/div>\n\t\t\t\t\t\t<\/div>\n\t\t\t\t<\/div>\n\t\t\t\t\t<\/div>\n\t\t<\/div>\n\t\t\t\t\t<\/div>\n\t\t<\/section>\n\t\t\t\t<section class=\"elementor-section elementor-top-section elementor-element elementor-element-b5134a1 elementor-section-boxed elementor-section-height-default elementor-section-height-default\" data-id=\"b5134a1\" data-element_type=\"section\" data-e-type=\"section\">\n\t\t\t\t\t\t<div class=\"elementor-container elementor-column-gap-default\">\n\t\t\t\t\t<div class=\"elementor-column elementor-col-100 elementor-top-column elementor-element elementor-element-1d5c597\" data-id=\"1d5c597\" data-element_type=\"column\" data-e-type=\"column\">\n\t\t\t<div class=\"elementor-widget-wrap elementor-element-populated\">\n\t\t\t\t\t\t<div class=\"elementor-element elementor-element-590c6be elementor-align-center elementor-mobile-align-center elementor-widget elementor-widget-button\" data-id=\"590c6be\" data-element_type=\"widget\" data-e-type=\"widget\" data-widget_type=\"button.default\">\n\t\t\t\t<div class=\"elementor-widget-container\">\n\t\t\t\t\t\t\t\t\t<div class=\"elementor-button-wrapper\">\n\t\t\t\t\t<a class=\"elementor-button elementor-button-link elementor-size-xs\" href=\"https:\/\/www.hotelmangiofango.com\/it\/hotel-spa-sainte-marie-de-la-mer\/\">\n\t\t\t\t\t\t<span class=\"elementor-button-content-wrapper\">\n\t\t\t\t\t\t<span class=\"elementor-button-icon\">\n\t\t\t\t<svg xmlns=\"http:\/\/www.w3.org\/2000\/svg\" viewbox=\"0 0 37 37\" width=\"37\" height=\"37\"><title>btn-freccia-svg<\/title><defs><lineargradient id=\"g1\" x1=\"18.6\" y1=\".1\" x2=\"18.6\" y2=\"37\" gradientunits=\"userSpaceOnUse\"><stop offset=\"0\" stop-color=\"#c94a74\"><\/stop><stop offset=\"1\" stop-color=\"#ad448f\"><\/stop><\/lineargradient><\/defs><style>\t\t.s0 { fill: url(#g1) } \t\t.s1 { fill: none;stroke: #ffffff;stroke-linecap: round;stroke-linejoin: round;stroke-width: 2 } \t<\/style><g id=\"Groupe_29918\"><circle id=\"Ellipse_17\" class=\"s0\" cx=\"18.6\" cy=\"18.6\" r=\"18.4\"><\/circle><path id=\"Trac&#xE9;_6316\" class=\"s1\" d=\"m9.5 18.2h20.6m-12.8 7.8l-7.7-7.8 7.7-7.7\"><\/path><\/g><\/svg>\t\t\t<\/span>\n\t\t\t\t\t\t\t\t\t<span class=\"elementor-button-text\">Indietro <\/span>\n\t\t\t\t\t<\/span>\n\t\t\t\t\t<\/a>\n\t\t\t\t<\/div>\n\t\t\t\t\t\t\t\t<\/div>\n\t\t\t\t<\/div>\n\t\t\t\t\t<\/div>\n\t\t<\/div>\n\t\t\t\t\t<\/div>\n\t\t<\/section>\n\t\t\t\t<\/div>","protected":false},"excerpt":{"rendered":"<p>Visites Territoires et histoire Les traditions fortement ancr\u00e9es dans la vie des Camarguais offrent de superbes festivit\u00e9s tout au long de l\u2019ann\u00e9e. Arl\u00e9siennes, gardians, taureaux et chevaux sont au c\u0153ur des plus grandes manifestations. Rien qu\u2019aux Saintes Maries de la Mer, courses camarguaises et abrivados se succ\u00e8dent pour le plaisir de tous. La F\u00e9ria, \u00e0 [&hellip;]<\/p>\n","protected":false},"author":5,"featured_media":0,"parent":193,"menu_order":0,"comment_status":"closed","ping_status":"closed","template":"","meta":{"inline_featured_image":false,"footnotes":""},"class_list":["post-201","page","type-page","status-publish","hentry"],"_links":{"self":[{"href":"https:\/\/www.hotelmangiofango.com\/it\/wp-json\/wp\/v2\/pages\/201","targetHints":{"allow":["GET"]}}],"collection":[{"href":"https:\/\/www.hotelmangiofango.com\/it\/wp-json\/wp\/v2\/pages"}],"about":[{"href":"https:\/\/www.hotelmangiofango.com\/it\/wp-json\/wp\/v2\/types\/page"}],"author":[{"embeddable":true,"href":"https:\/\/www.hotelmangiofango.com\/it\/wp-json\/wp\/v2\/users\/5"}],"replies":[{"embeddable":true,"href":"https:\/\/www.hotelmangiofango.com\/it\/wp-json\/wp\/v2\/comments?post=201"}],"version-history":[{"count":92,"href":"https:\/\/www.hotelmangiofango.com\/it\/wp-json\/wp\/v2\/pages\/201\/revisions"}],"predecessor-version":[{"id":5039,"href":"https:\/\/www.hotelmangiofango.com\/it\/wp-json\/wp\/v2\/pages\/201\/revisions\/5039"}],"up":[{"embeddable":true,"href":"https:\/\/www.hotelmangiofango.com\/it\/wp-json\/wp\/v2\/pages\/193"}],"wp:attachment":[{"href":"https:\/\/www.hotelmangiofango.com\/it\/wp-json\/wp\/v2\/media?parent=201"}],"curies":[{"name":"wp","href":"https:\/\/api.w.org\/{rel}","templated":true}]}}