{"id":207,"date":"2022-04-15T15:58:57","date_gmt":"2022-04-15T13:58:57","guid":{"rendered":"https:\/\/www.hotelmangiofango.com\/?page_id=207"},"modified":"2022-06-07T17:39:42","modified_gmt":"2022-06-07T15:39:42","slug":"crociera-in-camargue","status":"publish","type":"page","link":"https:\/\/www.hotelmangiofango.com\/it\/hotel-spa-sainte-marie-de-la-mer\/hotel-spa-en-camargue\/croisiere-camargue\/","title":{"rendered":"Crociera in Camargue"},"content":{"rendered":"<div data-elementor-type=\"wp-page\" data-elementor-id=\"207\" class=\"elementor elementor-207\" data-elementor-post-type=\"page\">\n\t\t\t\t\t\t<section class=\"elementor-section elementor-top-section elementor-element elementor-element-37dd4033 elementor-section-height-min-height elementor-section-items-stretch elementor-section-content-middle elementor-section-boxed elementor-section-height-default\" data-id=\"37dd4033\" data-element_type=\"section\" data-e-type=\"section\" data-settings=\"{&quot;background_background&quot;:&quot;classic&quot;}\">\n\t\t\t\t\t\t<div class=\"elementor-container elementor-column-gap-default\">\n\t\t\t\t\t<div class=\"elementor-column elementor-col-100 elementor-top-column elementor-element elementor-element-6df3df7c\" data-id=\"6df3df7c\" data-element_type=\"column\" data-e-type=\"column\" data-settings=\"{&quot;background_background&quot;:&quot;classic&quot;}\">\n\t\t\t<div class=\"elementor-widget-wrap elementor-element-populated\">\n\t\t\t\t\t<div class=\"elementor-background-overlay\"><\/div>\n\t\t\t\t\t\t<div class=\"elementor-element elementor-element-34bc33d0 elementor-widget elementor-widget-heading\" data-id=\"34bc33d0\" data-element_type=\"widget\" data-e-type=\"widget\" data-widget_type=\"heading.default\">\n\t\t\t\t<div class=\"elementor-widget-container\">\n\t\t\t\t\t<h1 class=\"elementor-heading-title elementor-size-default\">Crociere<\/h1>\t\t\t\t<\/div>\n\t\t\t\t<\/div>\n\t\t\t\t\t<\/div>\n\t\t<\/div>\n\t\t\t\t\t<\/div>\n\t\t<\/section>\n\t\t\t\t<section class=\"elementor-section elementor-top-section elementor-element elementor-element-7850e875 elementor-section-height-min-height elementor-section-boxed elementor-section-height-default elementor-section-items-middle\" data-id=\"7850e875\" data-element_type=\"section\" data-e-type=\"section\" data-settings=\"{&quot;background_background&quot;:&quot;classic&quot;}\">\n\t\t\t\t\t\t\t<div class=\"elementor-background-overlay\"><\/div>\n\t\t\t\t\t\t\t<div class=\"elementor-container elementor-column-gap-no\">\n\t\t\t\t\t<div class=\"elementor-column elementor-col-50 elementor-top-column elementor-element elementor-element-61bb7ae3 col-texte-intro\" data-id=\"61bb7ae3\" data-element_type=\"column\" data-e-type=\"column\" data-settings=\"{&quot;background_background&quot;:&quot;classic&quot;}\">\n\t\t\t<div class=\"elementor-widget-wrap elementor-element-populated\">\n\t\t\t\t\t\t<div class=\"elementor-element elementor-element-3d99a057 titre2lignes bicolor elementor-widget elementor-widget-heading\" data-id=\"3d99a057\" data-element_type=\"widget\" data-e-type=\"widget\" data-widget_type=\"heading.default\">\n\t\t\t\t<div class=\"elementor-widget-container\">\n\t\t\t\t\t<h2 class=\"elementor-heading-title elementor-size-default\">Scoprire<i>la costa della Camargue<\/i><\/h2>\t\t\t\t<\/div>\n\t\t\t\t<\/div>\n\t\t\t\t<div class=\"elementor-element elementor-element-cbcb195 elementor-invisible elementor-widget elementor-widget-text-editor\" data-id=\"cbcb195\" data-element_type=\"widget\" data-e-type=\"widget\" data-settings=\"{&quot;_animation&quot;:&quot;fadeInRight&quot;}\" data-widget_type=\"text-editor.default\">\n\t\t\t\t<div class=\"elementor-widget-container\">\n\t\t\t\t\t\t\t\t\t<p>L'hotel Mangio Fango si trova a Les Saintes-Maries-de-la-Mer, nella Camargue. Questo parco regionale francese \u00e8 noto per le sue paludi, gli stagni, le saline e i suoi eleganti abitanti (cavalli, fenicotteri, aironi, uccelli...). Sarete piacevolmente sorpresi di scoprire che \u00e8 possibile esplorarlo in diversi modi: in bicicletta, a piedi, in auto o a bordo di una splendida barca. Sono disponibili numerose crociere in Camargue per scoprire la costa e le sue incantevoli citt\u00e0: les Saintes-Maries-de-la-Mer, Arles o Port-Saint-Louis.<\/p>\t\t\t\t\t\t\t\t<\/div>\n\t\t\t\t<\/div>\n\t\t\t\t\t<\/div>\n\t\t<\/div>\n\t\t\t\t<div class=\"elementor-column elementor-col-50 elementor-top-column elementor-element elementor-element-60179f57\" data-id=\"60179f57\" data-element_type=\"column\" data-e-type=\"column\" data-settings=\"{&quot;background_background&quot;:&quot;classic&quot;}\">\n\t\t\t<div class=\"elementor-widget-wrap elementor-element-populated\">\n\t\t\t\t\t\t<div class=\"elementor-element elementor-element-392b5ce6 elementor-widget elementor-widget-spacer\" data-id=\"392b5ce6\" data-element_type=\"widget\" data-e-type=\"widget\" data-widget_type=\"spacer.default\">\n\t\t\t\t<div class=\"elementor-widget-container\">\n\t\t\t\t\t\t\t<div class=\"elementor-spacer\">\n\t\t\t<div class=\"elementor-spacer-inner\"><\/div>\n\t\t<\/div>\n\t\t\t\t\t\t<\/div>\n\t\t\t\t<\/div>\n\t\t\t\t\t<\/div>\n\t\t<\/div>\n\t\t\t\t\t<\/div>\n\t\t<\/section>\n\t\t\t\t<section class=\"elementor-section elementor-top-section elementor-element elementor-element-5609cac6 elementor-section-full_width elementor-section-height-min-height elementor-section-items-stretch elementor-section-height-default\" data-id=\"5609cac6\" data-element_type=\"section\" data-e-type=\"section\">\n\t\t\t\t\t\t<div class=\"elementor-container elementor-column-gap-no\">\n\t\t\t\t\t<div class=\"elementor-column elementor-col-50 elementor-top-column elementor-element elementor-element-49606b19\" data-id=\"49606b19\" data-element_type=\"column\" data-e-type=\"column\" data-settings=\"{&quot;background_background&quot;:&quot;classic&quot;}\">\n\t\t\t<div class=\"elementor-widget-wrap elementor-element-populated\">\n\t\t\t\t\t\t<div class=\"elementor-element elementor-element-32ef46a7 elementor-widget elementor-widget-spacer\" data-id=\"32ef46a7\" data-element_type=\"widget\" data-e-type=\"widget\" data-widget_type=\"spacer.default\">\n\t\t\t\t<div class=\"elementor-widget-container\">\n\t\t\t\t\t\t\t<div class=\"elementor-spacer\">\n\t\t\t<div class=\"elementor-spacer-inner\"><\/div>\n\t\t<\/div>\n\t\t\t\t\t\t<\/div>\n\t\t\t\t<\/div>\n\t\t\t\t\t<\/div>\n\t\t<\/div>\n\t\t\t\t<div class=\"elementor-column elementor-col-50 elementor-top-column elementor-element elementor-element-7552a4b0 col50-texte\" data-id=\"7552a4b0\" data-element_type=\"column\" data-e-type=\"column\" data-settings=\"{&quot;background_background&quot;:&quot;classic&quot;}\">\n\t\t\t<div class=\"elementor-widget-wrap elementor-element-populated\">\n\t\t\t\t\t\t<section class=\"elementor-section elementor-inner-section elementor-element elementor-element-3cf38df7 sect-interne-texte-alt elementor-section-boxed elementor-section-height-default elementor-section-height-default\" data-id=\"3cf38df7\" data-element_type=\"section\" data-e-type=\"section\">\n\t\t\t\t\t\t<div class=\"elementor-container elementor-column-gap-default\">\n\t\t\t\t\t<div class=\"elementor-column elementor-col-100 elementor-inner-column elementor-element elementor-element-6a09c381\" data-id=\"6a09c381\" data-element_type=\"column\" data-e-type=\"column\">\n\t\t\t<div class=\"elementor-widget-wrap elementor-element-populated\">\n\t\t\t\t\t\t<div class=\"elementor-element elementor-element-5ae4f4f6 titre2lignes bicolor elementor-widget elementor-widget-heading\" data-id=\"5ae4f4f6\" data-element_type=\"widget\" data-e-type=\"widget\" data-widget_type=\"heading.default\">\n\t\t\t\t<div class=\"elementor-widget-container\">\n\t\t\t\t\t<h2 class=\"elementor-heading-title elementor-size-default\">Camargue<\/h2>\t\t\t\t<\/div>\n\t\t\t\t<\/div>\n\t\t\t\t<div class=\"elementor-element elementor-element-2ba86e4 elementor-invisible elementor-widget elementor-widget-text-editor\" data-id=\"2ba86e4\" data-element_type=\"widget\" data-e-type=\"widget\" data-settings=\"{&quot;_animation&quot;:&quot;fadeInRight&quot;}\" data-widget_type=\"text-editor.default\">\n\t\t\t\t<div class=\"elementor-widget-container\">\n\t\t\t\t\t\t\t\t\t<p>All'inizio della crociera, attraverserete il porto lungo i bastioni dove il re Saint-Louis si rec\u00f2 per la crociata. Il battello proseguir\u00e0 poi con un passaggio alle Salins du Midi... Rimarrete incantati dalla magia delle saline a perdita d'occhio. Si prosegue poi verso gli stagni della Camargue, popolati da eleganti fenicotteri rosa.<br \/>Scoprite poi il ponte di sollevamento del Grau du Roi e il suo porto di pesca. I pescatori e le belle barche vi faranno venire voglia di immortalare la vostra crociera in Camargue con delle belle foto ricordo. <br \/>Le crociere pi\u00f9 complete si spingono fino a S\u00e8te. Se avete l'opportunit\u00e0 di fare una breve sosta, gli amanti dei frutti di mare saranno felici di gustare un piatto di pesce fresco con un bicchiere di vino bianco.<\/p>\t\t\t\t\t\t\t\t<\/div>\n\t\t\t\t<\/div>\n\t\t\t\t\t<\/div>\n\t\t<\/div>\n\t\t\t\t\t<\/div>\n\t\t<\/section>\n\t\t\t\t\t<\/div>\n\t\t<\/div>\n\t\t\t\t\t<\/div>\n\t\t<\/section>\n\t\t\t\t<section class=\"elementor-section elementor-top-section elementor-element elementor-element-16d08382 elementor-section-full_width elementor-section-height-min-height elementor-section-items-stretch elementor-reverse-tablet elementor-reverse-mobile elementor-section-height-default\" data-id=\"16d08382\" data-element_type=\"section\" data-e-type=\"section\">\n\t\t\t\t\t\t<div class=\"elementor-container elementor-column-gap-no\">\n\t\t\t\t\t<div class=\"elementor-column elementor-col-50 elementor-top-column elementor-element elementor-element-4e32167a col50-texte\" data-id=\"4e32167a\" data-element_type=\"column\" data-e-type=\"column\" data-settings=\"{&quot;background_background&quot;:&quot;classic&quot;}\">\n\t\t\t<div class=\"elementor-widget-wrap elementor-element-populated\">\n\t\t\t\t\t\t<section class=\"elementor-section elementor-inner-section elementor-element elementor-element-d8600cc sect-interne-texte-alt gauche elementor-section-boxed elementor-section-height-default elementor-section-height-default\" data-id=\"d8600cc\" data-element_type=\"section\" data-e-type=\"section\">\n\t\t\t\t\t\t<div class=\"elementor-container elementor-column-gap-default\">\n\t\t\t\t\t<div class=\"elementor-column elementor-col-100 elementor-inner-column elementor-element elementor-element-6ac46854\" data-id=\"6ac46854\" data-element_type=\"column\" data-e-type=\"column\">\n\t\t\t<div class=\"elementor-widget-wrap elementor-element-populated\">\n\t\t\t\t\t\t<div class=\"elementor-element elementor-element-2384f939 titre2lignes bicolor elementor-widget elementor-widget-heading\" data-id=\"2384f939\" data-element_type=\"widget\" data-e-type=\"widget\" data-widget_type=\"heading.default\">\n\t\t\t\t<div class=\"elementor-widget-container\">\n\t\t\t\t\t<h2 class=\"elementor-heading-title elementor-size-default\">I tesori<i>del piccolo Rodano<\/i><\/h2>\t\t\t\t<\/div>\n\t\t\t\t<\/div>\n\t\t\t\t<div class=\"elementor-element elementor-element-5c1d0460 elementor-invisible elementor-widget elementor-widget-text-editor\" data-id=\"5c1d0460\" data-element_type=\"widget\" data-e-type=\"widget\" data-settings=\"{&quot;_animation&quot;:&quot;fadeInRight&quot;}\" data-widget_type=\"text-editor.default\">\n\t\t\t\t<div class=\"elementor-widget-container\">\n\t\t\t\t\t\t\t\t\t<p>Dal Mangio Fango, si pu\u00f2 andare al Grau d'Orgon per brevi crociere di un'ora o due alla scoperta del \"Petit Rh\u00f4ne\".<br \/>Se avete pi\u00f9 tempo a disposizione, optate per un tour molto conosciuto e completo. Contate su una giornata intera per questa crociera in Camargue da Aigues-Mortes. <br \/>Tornati al Mangio Fango dopo una giornata emozionante, fermatevi al nostro ristorante nel patio a bordo piscina. E scoprite i prodotti freschi e regionali che delizieranno le vostre papille gustative.<\/p>\t\t\t\t\t\t\t\t<\/div>\n\t\t\t\t<\/div>\n\t\t\t\t\t<\/div>\n\t\t<\/div>\n\t\t\t\t\t<\/div>\n\t\t<\/section>\n\t\t\t\t\t<\/div>\n\t\t<\/div>\n\t\t\t\t<div class=\"elementor-column elementor-col-50 elementor-top-column elementor-element elementor-element-11bf43f6\" data-id=\"11bf43f6\" data-element_type=\"column\" data-e-type=\"column\" data-settings=\"{&quot;background_background&quot;:&quot;classic&quot;}\">\n\t\t\t<div class=\"elementor-widget-wrap elementor-element-populated\">\n\t\t\t\t\t\t<div class=\"elementor-element elementor-element-89d1223 elementor-widget elementor-widget-spacer\" data-id=\"89d1223\" data-element_type=\"widget\" data-e-type=\"widget\" data-widget_type=\"spacer.default\">\n\t\t\t\t<div class=\"elementor-widget-container\">\n\t\t\t\t\t\t\t<div class=\"elementor-spacer\">\n\t\t\t<div class=\"elementor-spacer-inner\"><\/div>\n\t\t<\/div>\n\t\t\t\t\t\t<\/div>\n\t\t\t\t<\/div>\n\t\t\t\t\t<\/div>\n\t\t<\/div>\n\t\t\t\t\t<\/div>\n\t\t<\/section>\n\t\t\t\t<section class=\"elementor-section elementor-top-section elementor-element elementor-element-6abbfcf elementor-section-full_width elementor-section-height-min-height elementor-section-items-stretch elementor-section-height-default\" data-id=\"6abbfcf\" data-element_type=\"section\" data-e-type=\"section\">\n\t\t\t\t\t\t<div class=\"elementor-container elementor-column-gap-no\">\n\t\t\t\t\t<div class=\"elementor-column elementor-col-50 elementor-top-column elementor-element elementor-element-40d0d93\" data-id=\"40d0d93\" data-element_type=\"column\" data-e-type=\"column\" data-settings=\"{&quot;background_background&quot;:&quot;classic&quot;}\">\n\t\t\t<div class=\"elementor-widget-wrap elementor-element-populated\">\n\t\t\t\t\t\t<div class=\"elementor-element elementor-element-ea82ef8 elementor-widget elementor-widget-spacer\" data-id=\"ea82ef8\" data-element_type=\"widget\" data-e-type=\"widget\" data-widget_type=\"spacer.default\">\n\t\t\t\t<div class=\"elementor-widget-container\">\n\t\t\t\t\t\t\t<div class=\"elementor-spacer\">\n\t\t\t<div class=\"elementor-spacer-inner\"><\/div>\n\t\t<\/div>\n\t\t\t\t\t\t<\/div>\n\t\t\t\t<\/div>\n\t\t\t\t\t<\/div>\n\t\t<\/div>\n\t\t\t\t<div class=\"elementor-column elementor-col-50 elementor-top-column elementor-element elementor-element-d4b968f col50-texte\" data-id=\"d4b968f\" data-element_type=\"column\" data-e-type=\"column\" data-settings=\"{&quot;background_background&quot;:&quot;classic&quot;}\">\n\t\t\t<div class=\"elementor-widget-wrap elementor-element-populated\">\n\t\t\t\t\t\t<div class=\"elementor-element elementor-element-1964f44 elementor-widget elementor-widget-template\" data-id=\"1964f44\" data-element_type=\"widget\" data-e-type=\"widget\" data-widget_type=\"template.default\">\n\t\t\t\t<div class=\"elementor-widget-container\">\n\t\t\t\t\t\t\t<div class=\"elementor-template\">\n\t\t\t\t\t<div data-elementor-type=\"section\" data-elementor-id=\"3590\" class=\"elementor elementor-3590\" data-elementor-post-type=\"elementor_library\">\n\t\t\t\t\t<section class=\"elementor-section elementor-inner-section elementor-element elementor-element-1fc5de25 sect-interne-texte-alt elementor-section-boxed elementor-section-height-default elementor-section-height-default\" data-id=\"1fc5de25\" data-element_type=\"section\" data-e-type=\"section\">\n\t\t\t\t\t\t<div class=\"elementor-container elementor-column-gap-default\">\n\t\t\t\t\t<div class=\"elementor-column elementor-col-100 elementor-inner-column elementor-element elementor-element-32219306\" data-id=\"32219306\" data-element_type=\"column\" data-e-type=\"column\">\n\t\t\t<div class=\"elementor-widget-wrap elementor-element-populated\">\n\t\t\t\t\t\t<div class=\"elementor-element elementor-element-28d678e1 titre2lignes bicolor elementor-widget elementor-widget-heading\" data-id=\"28d678e1\" data-element_type=\"widget\" data-e-type=\"widget\" data-widget_type=\"heading.default\">\n\t\t\t\t<div class=\"elementor-widget-container\">\n\t\t\t\t\t<h2 class=\"elementor-heading-title elementor-size-default\">Da fare anche<\/h2>\t\t\t\t<\/div>\n\t\t\t\t<\/div>\n\t\t\t\t<div class=\"elementor-element elementor-element-1ba7661f dc-has-condition dc-condition-equal elementor-icon-list--layout-traditional elementor-list-item-link-full_width elementor-widget elementor-widget-icon-list\" data-id=\"1ba7661f\" data-element_type=\"widget\" data-e-type=\"widget\" data-widget_type=\"icon-list.default\">\n\t\t\t\t<div class=\"elementor-widget-container\">\n\t\t\t\t\t\t\t<ul class=\"elementor-icon-list-items\">\n\t\t\t\t\t\t\t<li class=\"elementor-icon-list-item\">\n\t\t\t\t\t\t\t\t\t\t\t<a href=\"https:\/\/www.hotelmangiofango.com\/it\/hotel-spa-sainte-marie-de-la-mer\/hotel-spa-en-camargue\/balade-a-cheval-saintes-maries-de-la-mer\/\">\n\n\t\t\t\t\t\t\t\t\t\t\t\t<span class=\"elementor-icon-list-icon\">\n\t\t\t\t\t\t\t<svg xmlns=\"http:\/\/www.w3.org\/2000\/svg\" xmlns:xlink=\"http:\/\/www.w3.org\/1999\/xlink\" width=\"36.898\" height=\"36.898\" viewbox=\"0 0 36.898 36.898\"><defs><lineargradient id=\"linear-gradient\" x1=\"0.5\" x2=\"0.5\" y2=\"1\" gradientunits=\"objectBoundingBox\"><stop offset=\"0\" stop-color=\"#c94a74\"><\/stop><stop offset=\"1\" stop-color=\"#ad448f\"><\/stop><\/lineargradient><\/defs><g id=\"Groupe_29918\" data-name=\"Groupe 29918\" transform=\"translate(-188.878)\"><ellipse id=\"Ellipse_17\" data-name=\"Ellipse 17\" cx=\"18.449\" cy=\"18.449\" rx=\"18.449\" ry=\"18.449\" transform=\"translate(188.878)\" fill=\"url(#linear-gradient)\"><\/ellipse><path id=\"Trac&#xE9;_6316\" data-name=\"Trac&#xE9; 6316\" d=\"M1259.49,1983.221H1238.9m12.861,7.725,7.725-7.725-7.725-7.724\" transform=\"translate(-1043.159 -1964.461)\" fill=\"none\" stroke=\"#fff\" stroke-linecap=\"round\" stroke-linejoin=\"round\" stroke-width=\"2\"><\/path><\/g><\/svg>\t\t\t\t\t\t<\/span>\n\t\t\t\t\t\t\t\t\t\t<span class=\"elementor-icon-list-text\">Equitazione<\/span>\n\t\t\t\t\t\t\t\t\t\t\t<\/a>\n\t\t\t\t\t\t\t\t\t<\/li>\n\t\t\t\t\t\t<\/ul>\n\t\t\t\t\t\t<\/div>\n\t\t\t\t<\/div>\n\t\t\t\t<div class=\"elementor-element elementor-element-c35eeea dc-has-condition dc-condition-equal elementor-icon-list--layout-traditional elementor-list-item-link-full_width elementor-widget elementor-widget-icon-list\" data-id=\"c35eeea\" data-element_type=\"widget\" data-e-type=\"widget\" data-widget_type=\"icon-list.default\">\n\t\t\t\t<div class=\"elementor-widget-container\">\n\t\t\t\t\t\t\t<ul class=\"elementor-icon-list-items\">\n\t\t\t\t\t\t\t<li class=\"elementor-icon-list-item\">\n\t\t\t\t\t\t\t\t\t\t\t<a href=\"https:\/\/www.hotelmangiofango.com\/it\/hotel-spa-sainte-marie-de-la-mer\/hotel-spa-en-camargue\/vtt-en-camargue\/\">\n\n\t\t\t\t\t\t\t\t\t\t\t\t<span class=\"elementor-icon-list-icon\">\n\t\t\t\t\t\t\t<svg xmlns=\"http:\/\/www.w3.org\/2000\/svg\" xmlns:xlink=\"http:\/\/www.w3.org\/1999\/xlink\" width=\"36.898\" height=\"36.898\" viewbox=\"0 0 36.898 36.898\"><defs><lineargradient id=\"linear-gradient\" x1=\"0.5\" x2=\"0.5\" y2=\"1\" gradientunits=\"objectBoundingBox\"><stop offset=\"0\" stop-color=\"#c94a74\"><\/stop><stop offset=\"1\" stop-color=\"#ad448f\"><\/stop><\/lineargradient><\/defs><g id=\"Groupe_29918\" data-name=\"Groupe 29918\" transform=\"translate(-188.878)\"><ellipse id=\"Ellipse_17\" data-name=\"Ellipse 17\" cx=\"18.449\" cy=\"18.449\" rx=\"18.449\" ry=\"18.449\" transform=\"translate(188.878)\" fill=\"url(#linear-gradient)\"><\/ellipse><path id=\"Trac&#xE9;_6316\" data-name=\"Trac&#xE9; 6316\" d=\"M1259.49,1983.221H1238.9m12.861,7.725,7.725-7.725-7.725-7.724\" transform=\"translate(-1043.159 -1964.461)\" fill=\"none\" stroke=\"#fff\" stroke-linecap=\"round\" stroke-linejoin=\"round\" stroke-width=\"2\"><\/path><\/g><\/svg>\t\t\t\t\t\t<\/span>\n\t\t\t\t\t\t\t\t\t\t<span class=\"elementor-icon-list-text\">BICICLETTA DA MONTAGNA<\/span>\n\t\t\t\t\t\t\t\t\t\t\t<\/a>\n\t\t\t\t\t\t\t\t\t<\/li>\n\t\t\t\t\t\t<\/ul>\n\t\t\t\t\t\t<\/div>\n\t\t\t\t<\/div>\n\t\t<!-- hidden widget 207-5bc11d64 -->\t\t<div class=\"elementor-element elementor-element-d62a5de dc-has-condition dc-condition-equal elementor-icon-list--layout-traditional elementor-list-item-link-full_width elementor-widget elementor-widget-icon-list\" data-id=\"d62a5de\" data-element_type=\"widget\" data-e-type=\"widget\" data-widget_type=\"icon-list.default\">\n\t\t\t\t<div class=\"elementor-widget-container\">\n\t\t\t\t\t\t\t<ul class=\"elementor-icon-list-items\">\n\t\t\t\t\t\t\t<li class=\"elementor-icon-list-item\">\n\t\t\t\t\t\t\t\t\t\t\t<a href=\"https:\/\/www.hotelmangiofango.com\/it\/hotel-spa-sainte-marie-de-la-mer\/hotel-spa-en-camargue\/randonnee-camargue\/\">\n\n\t\t\t\t\t\t\t\t\t\t\t\t<span class=\"elementor-icon-list-icon\">\n\t\t\t\t\t\t\t<svg xmlns=\"http:\/\/www.w3.org\/2000\/svg\" xmlns:xlink=\"http:\/\/www.w3.org\/1999\/xlink\" width=\"36.898\" height=\"36.898\" viewbox=\"0 0 36.898 36.898\"><defs><lineargradient id=\"linear-gradient\" x1=\"0.5\" x2=\"0.5\" y2=\"1\" gradientunits=\"objectBoundingBox\"><stop offset=\"0\" stop-color=\"#c94a74\"><\/stop><stop offset=\"1\" stop-color=\"#ad448f\"><\/stop><\/lineargradient><\/defs><g id=\"Groupe_29918\" data-name=\"Groupe 29918\" transform=\"translate(-188.878)\"><ellipse id=\"Ellipse_17\" data-name=\"Ellipse 17\" cx=\"18.449\" cy=\"18.449\" rx=\"18.449\" ry=\"18.449\" transform=\"translate(188.878)\" fill=\"url(#linear-gradient)\"><\/ellipse><path id=\"Trac&#xE9;_6316\" data-name=\"Trac&#xE9; 6316\" d=\"M1259.49,1983.221H1238.9m12.861,7.725,7.725-7.725-7.725-7.724\" transform=\"translate(-1043.159 -1964.461)\" fill=\"none\" stroke=\"#fff\" stroke-linecap=\"round\" stroke-linejoin=\"round\" stroke-width=\"2\"><\/path><\/g><\/svg>\t\t\t\t\t\t<\/span>\n\t\t\t\t\t\t\t\t\t\t<span class=\"elementor-icon-list-text\">Tour a piedi<\/span>\n\t\t\t\t\t\t\t\t\t\t\t<\/a>\n\t\t\t\t\t\t\t\t\t<\/li>\n\t\t\t\t\t\t<\/ul>\n\t\t\t\t\t\t<\/div>\n\t\t\t\t<\/div>\n\t\t\t\t<div class=\"elementor-element elementor-element-4d51c03b dc-has-condition dc-condition-equal elementor-icon-list--layout-traditional elementor-list-item-link-full_width elementor-widget elementor-widget-icon-list\" data-id=\"4d51c03b\" data-element_type=\"widget\" data-e-type=\"widget\" data-widget_type=\"icon-list.default\">\n\t\t\t\t<div class=\"elementor-widget-container\">\n\t\t\t\t\t\t\t<ul class=\"elementor-icon-list-items\">\n\t\t\t\t\t\t\t<li class=\"elementor-icon-list-item\">\n\t\t\t\t\t\t\t\t\t\t\t<a href=\"https:\/\/www.hotelmangiofango.com\/it\/hotel-spa-sainte-marie-de-la-mer\/hotel-spa-en-camargue\/mangio-fango-hotel-et-spa\/\">\n\n\t\t\t\t\t\t\t\t\t\t\t\t<span class=\"elementor-icon-list-icon\">\n\t\t\t\t\t\t\t<svg xmlns=\"http:\/\/www.w3.org\/2000\/svg\" xmlns:xlink=\"http:\/\/www.w3.org\/1999\/xlink\" width=\"36.898\" height=\"36.898\" viewbox=\"0 0 36.898 36.898\"><defs><lineargradient id=\"linear-gradient\" x1=\"0.5\" x2=\"0.5\" y2=\"1\" gradientunits=\"objectBoundingBox\"><stop offset=\"0\" stop-color=\"#c94a74\"><\/stop><stop offset=\"1\" stop-color=\"#ad448f\"><\/stop><\/lineargradient><\/defs><g id=\"Groupe_29918\" data-name=\"Groupe 29918\" transform=\"translate(-188.878)\"><ellipse id=\"Ellipse_17\" data-name=\"Ellipse 17\" cx=\"18.449\" cy=\"18.449\" rx=\"18.449\" ry=\"18.449\" transform=\"translate(188.878)\" fill=\"url(#linear-gradient)\"><\/ellipse><path id=\"Trac&#xE9;_6316\" data-name=\"Trac&#xE9; 6316\" d=\"M1259.49,1983.221H1238.9m12.861,7.725,7.725-7.725-7.725-7.724\" transform=\"translate(-1043.159 -1964.461)\" fill=\"none\" stroke=\"#fff\" stroke-linecap=\"round\" stroke-linejoin=\"round\" stroke-width=\"2\"><\/path><\/g><\/svg>\t\t\t\t\t\t<\/span>\n\t\t\t\t\t\t\t\t\t\t<span class=\"elementor-icon-list-text\">Relax e ozio<\/span>\n\t\t\t\t\t\t\t\t\t\t\t<\/a>\n\t\t\t\t\t\t\t\t\t<\/li>\n\t\t\t\t\t\t<\/ul>\n\t\t\t\t\t\t<\/div>\n\t\t\t\t<\/div>\n\t\t\t\t<div class=\"elementor-element elementor-element-0c5b091 elementor-align-left elementor-mobile-align-left elementor-tablet-align-left elementor-widget elementor-widget-button\" data-id=\"0c5b091\" data-element_type=\"widget\" data-e-type=\"widget\" data-widget_type=\"button.default\">\n\t\t\t\t<div class=\"elementor-widget-container\">\n\t\t\t\t\t\t\t\t\t<div class=\"elementor-button-wrapper\">\n\t\t\t\t\t<a class=\"elementor-button elementor-button-link elementor-size-xs\" href=\"https:\/\/www.hotelmangiofango.com\/it\/hotel-spa-sainte-marie-de-la-mer\/hotel-spa-en-camargue\/\">\n\t\t\t\t\t\t<span class=\"elementor-button-content-wrapper\">\n\t\t\t\t\t\t<span class=\"elementor-button-icon\">\n\t\t\t\t<svg xmlns=\"http:\/\/www.w3.org\/2000\/svg\" viewbox=\"0 0 37 37\" width=\"37\" height=\"37\"><title>btn-freccia-svg<\/title><defs><lineargradient id=\"g1\" x1=\"18.6\" y1=\".1\" x2=\"18.6\" y2=\"37\" gradientunits=\"userSpaceOnUse\"><stop offset=\"0\" stop-color=\"#c94a74\"><\/stop><stop offset=\"1\" stop-color=\"#ad448f\"><\/stop><\/lineargradient><\/defs><style>\t\t.s0 { fill: url(#g1) } \t\t.s1 { fill: none;stroke: #ffffff;stroke-linecap: round;stroke-linejoin: round;stroke-width: 2 } \t<\/style><g id=\"Groupe_29918\"><circle id=\"Ellipse_17\" class=\"s0\" cx=\"18.6\" cy=\"18.6\" r=\"18.4\"><\/circle><path id=\"Trac&#xE9;_6316\" class=\"s1\" d=\"m9.5 18.2h20.6m-12.8 7.8l-7.7-7.8 7.7-7.7\"><\/path><\/g><\/svg>\t\t\t<\/span>\n\t\t\t\t\t\t\t\t\t<span class=\"elementor-button-text\">Indietro <\/span>\n\t\t\t\t\t<\/span>\n\t\t\t\t\t<\/a>\n\t\t\t\t<\/div>\n\t\t\t\t\t\t\t\t<\/div>\n\t\t\t\t<\/div>\n\t\t\t\t\t<\/div>\n\t\t<\/div>\n\t\t\t\t\t<\/div>\n\t\t<\/section>\n\t\t\t\t<\/div>\n\t\t\t\t<\/div>\n\t\t\t\t\t\t<\/div>\n\t\t\t\t<\/div>\n\t\t\t\t\t<\/div>\n\t\t<\/div>\n\t\t\t\t\t<\/div>\n\t\t<\/section>\n\t\t\t\t<\/div>","protected":false},"excerpt":{"rendered":"<p>Croisi\u00e8res D\u00e9couvrirla C\u00f4te Camarguaise L\u2019h\u00f4tel du Mangio Fango est situ\u00e9 aux Saintes-Maries-de-la-Mer en Camargue. Ce Parc r\u00e9gional fran\u00e7ais connu \u00e0 la fois pour ses marais, ses \u00e9tangs, ses salins et ses \u00e9l\u00e9gants occupants (chevaux, flamants roses, h\u00e9rons, oiseaux\u2026). Vous serez agr\u00e9ablement surpris de d\u00e9couvrir qu\u2019il est possible de la parcourir de plusieurs mani\u00e8res diff\u00e9rentes : [&hellip;]<\/p>\n","protected":false},"author":5,"featured_media":0,"parent":199,"menu_order":0,"comment_status":"closed","ping_status":"closed","template":"","meta":{"inline_featured_image":false,"footnotes":""},"class_list":["post-207","page","type-page","status-publish","hentry"],"_links":{"self":[{"href":"https:\/\/www.hotelmangiofango.com\/it\/wp-json\/wp\/v2\/pages\/207","targetHints":{"allow":["GET"]}}],"collection":[{"href":"https:\/\/www.hotelmangiofango.com\/it\/wp-json\/wp\/v2\/pages"}],"about":[{"href":"https:\/\/www.hotelmangiofango.com\/it\/wp-json\/wp\/v2\/types\/page"}],"author":[{"embeddable":true,"href":"https:\/\/www.hotelmangiofango.com\/it\/wp-json\/wp\/v2\/users\/5"}],"replies":[{"embeddable":true,"href":"https:\/\/www.hotelmangiofango.com\/it\/wp-json\/wp\/v2\/comments?post=207"}],"version-history":[{"count":77,"href":"https:\/\/www.hotelmangiofango.com\/it\/wp-json\/wp\/v2\/pages\/207\/revisions"}],"predecessor-version":[{"id":5030,"href":"https:\/\/www.hotelmangiofango.com\/it\/wp-json\/wp\/v2\/pages\/207\/revisions\/5030"}],"up":[{"embeddable":true,"href":"https:\/\/www.hotelmangiofango.com\/it\/wp-json\/wp\/v2\/pages\/199"}],"wp:attachment":[{"href":"https:\/\/www.hotelmangiofango.com\/it\/wp-json\/wp\/v2\/media?parent=207"}],"curies":[{"name":"wp","href":"https:\/\/api.w.org\/{rel}","templated":true}]}}