{"id":3087,"date":"2022-04-30T18:43:07","date_gmt":"2022-04-30T16:43:07","guid":{"rendered":"https:\/\/www.hotelmangiofango.com\/?page_id=3087"},"modified":"2025-09-08T16:36:00","modified_gmt":"2025-09-08T14:36:00","slug":"offerte-speciali","status":"publish","type":"page","link":"https:\/\/www.hotelmangiofango.com\/it\/offres-speciales\/","title":{"rendered":"Offerte speciali"},"content":{"rendered":"\t\t<div data-elementor-type=\"wp-page\" data-elementor-id=\"3087\" class=\"elementor elementor-3087\" data-elementor-post-type=\"page\">\n\t\t\t\t\t\t<section class=\"elementor-section elementor-top-section elementor-element elementor-element-7b64453 elementor-section-height-min-height elementor-section-items-stretch elementor-section-content-bottom elementor-section-boxed elementor-section-height-default\" data-id=\"7b64453\" data-element_type=\"section\" data-e-type=\"section\" data-settings=\"{&quot;background_background&quot;:&quot;classic&quot;}\">\n\t\t\t\t\t\t<div class=\"elementor-container elementor-column-gap-default\">\n\t\t\t\t\t<div class=\"elementor-column elementor-col-100 elementor-top-column elementor-element elementor-element-5318953\" data-id=\"5318953\" data-element_type=\"column\" data-e-type=\"column\" data-settings=\"{&quot;background_background&quot;:&quot;classic&quot;}\">\n\t\t\t<div class=\"elementor-widget-wrap elementor-element-populated\">\n\t\t\t\t\t<div class=\"elementor-background-overlay\"><\/div>\n\t\t\t\t\t\t<div class=\"elementor-element elementor-element-e5500f9 elementor-widget elementor-widget-heading\" data-id=\"e5500f9\" data-element_type=\"widget\" data-e-type=\"widget\" data-widget_type=\"heading.default\">\n\t\t\t\t<div class=\"elementor-widget-container\">\n\t\t\t\t\t<h1 class=\"elementor-heading-title elementor-size-default\">Offres sp\u00e9ciales<\/h1>\t\t\t\t<\/div>\n\t\t\t\t<\/div>\n\t\t\t\t\t<\/div>\n\t\t<\/div>\n\t\t\t\t\t<\/div>\n\t\t<\/section>\n\t\t\t\t<section class=\"elementor-section elementor-top-section elementor-element elementor-element-4de23d3 elementor-section-boxed elementor-section-height-default elementor-section-height-default\" data-id=\"4de23d3\" data-element_type=\"section\" data-e-type=\"section\">\n\t\t\t\t\t\t<div class=\"elementor-container elementor-column-gap-default\">\n\t\t\t\t\t<div class=\"elementor-column elementor-col-100 elementor-top-column elementor-element elementor-element-71c59a2\" data-id=\"71c59a2\" data-element_type=\"column\" data-e-type=\"column\">\n\t\t\t<div class=\"elementor-widget-wrap elementor-element-populated\">\n\t\t\t\t\t\t<div class=\"elementor-element elementor-element-dceb9b1 liste-offres-speciales elementor-pagination-type-bullets elementor-grid-3 elementor-grid-tablet-2 elementor-grid-mobile-1 elementor-arrows-position-inside elementor-widget elementor-widget-offers-list\" data-id=\"dceb9b1\" data-element_type=\"widget\" data-e-type=\"widget\" data-settings=\"{&quot;element_skin&quot;:&quot;card&quot;,&quot;space_between&quot;:{&quot;unit&quot;:&quot;px&quot;,&quot;size&quot;:10,&quot;sizes&quot;:[]},&quot;space_between_tablet&quot;:{&quot;unit&quot;:&quot;px&quot;,&quot;size&quot;:10,&quot;sizes&quot;:[]},&quot;space_between_mobile&quot;:{&quot;unit&quot;:&quot;px&quot;,&quot;size&quot;:10,&quot;sizes&quot;:[]},&quot;effect&quot;:&quot;slide&quot;,&quot;autoplay&quot;:&quot;no&quot;,&quot;swiper_arrows&quot;:&quot;yes&quot;,&quot;chevrons_visible&quot;:&quot;hover&quot;,&quot;cursor_grab&quot;:&quot;yes&quot;,&quot;carousel_first_only&quot;:&quot;no&quot;,&quot;infinite&quot;:&quot;yes&quot;,&quot;pagination&quot;:&quot;bullets&quot;,&quot;categories_filter&quot;:[&quot;*&quot;],&quot;item_ignore_filter&quot;:[],&quot;validity_date_format&quot;:&quot;long&quot;,&quot;cards_columns&quot;:&quot;3&quot;,&quot;cards_columns_tablet&quot;:&quot;2&quot;,&quot;cards_columns_mobile&quot;:&quot;1&quot;,&quot;row_gap&quot;:{&quot;unit&quot;:&quot;px&quot;,&quot;size&quot;:35,&quot;sizes&quot;:[]}}\" data-widget_type=\"offers-list.default\">\n\t\t\t\t<div class=\"elementor-widget-container\">\n\t\t\t\t\t                        <div class=\"eliophot-offers eliophot-offers__wrapper eliophot-base-list elementor-grid\">\n                    <input type=\"hidden\" class=\"api_id\" value=\"\">\n                            <div\n                class=\"eliophot-offer__container eliophot-base-list__container elementor-grid-item   eliophot-offer__skin-card eliophot-offer_ID_5570 \"\n                data-category=\"\"\n                data-title = \"S\u00e9jour Bien Etre pour 2 personnes\"\n                data-name = \"sejour-bien-etre-pour-2-personnes\"\n        >\n            \n        <div class=\"eliophot-carousel__slider elementor-swiper\">\n\n                            <div class=\"eliophot-carousel-wrapper elementor-main-swiper swiper\">\n                    <div class=\"elementor-image-carousel swiper-wrapper swiper-image-stretch\">\n                        <!-- Slides -->\n                                                    <div class=\"swiper-slide\">\n                                <div class=\"elementor-carousel-image slide-0-image\" style=\"background-image: url('https:\/\/www.hotelmangiofango.com\/wp-content\/uploads\/2024\/04\/IMG_8455-003.jpg');\"><\/div>\n                                <link itemprop=\"image\" href=\"https:\/\/www.hotelmangiofango.com\/wp-content\/uploads\/2024\/04\/IMG_8455-003.jpg\" \/>\n                            <\/div>\n                                            <\/div>\n\n                \n                <\/div>\n            \n        <\/div>\n                    <div class=\"eliophot-offer__body\">\n                        <!-- TODO: if page link enabled -->\n        <h2 class=\"eliophot-offer__title\">\n            <span class=\"title_before\"><\/span>\n            <a  href=\"https:\/\/www.hotelmangiofango.com\/it\/offres-speciales\/sejour-bien-etre-pour-2-personnes\/\">\n                            S\u00e9jour Bien Etre pour 2 personnes            <\/a>\n        <\/h2>\n                    <p class=\"eliophot-offer__validity\">\n            Offre valable du <span class=\"eliophot-offer__validity_start_date\" data-time=\"1775426400\">\n                        06 April 2026                    <\/span>\n                     to <span class=\"eliophot-offer__validity_end_date\" data-time=\"1777586399\">\n                    30 April 2026                    <\/span>\n                     inclus            <\/p>\n                        <\/div>\n\n            \n        <div class=\"eliophot-offer__cta\" itemprop=\"offers\" itemscope itemtype=\"https:\/\/schema.org\/Offer\">\n            <div class=\"eliophot-offer__cta_container\">\n                                    <input type=\"hidden\" name=\"id_offer\" value=\"5570\"\/>\n                    <div class=\"eliophot-offer__cta_title\" itemprop=\"priceSpecification\" itemscope itemtype=\"https:\/\/schema.org\/UnitPriceSpecification\">\n                                                    <span class=\"eliophot-offer__cta_heading\">\u00c0 partir de<\/span>\n                            <span class=\"eliophot-offer__cta_unavail\" style=\"display: none\">Aucune disponibilit\u00e9<\/span>\n\n                            <div class=\"eliophot-offer__cta_price\">\n                            <span class=\"eliophot-offer__price_tag\" >\n                                434                            <\/span>\n<!--                                --><!--                                    <meta itemprop=\"priceCurrency\" content=\"EUR\"\/><span class=\"--><!--__price_unit\">\u20ac \/<\/span>-->\n<!--                                --><!--                                    <span class=\"--><!--__price_unit\">\u20ac \/<\/span>-->\n<!--                                -->                                <meta itemprop=\"unitCode\" content=\"DAY\"\/>\n                                <span class=\"eliophot-offer__cta_time\">\u20ac \/ nuit<\/span>\n                                <meta itemprop=\"availability\" content=\"https:\/\/schema.org\/InStock\"\/>\n\n                            <\/div>\n                                            <\/div>\n\n                                <div class=\"eliophot-offer__cta_buttons\">\n                \n                                            <a href=\"https:\/\/www.hotelmangiofango.com\/it\/offres-speciales\/sejour-bien-etre-pour-2-personnes\/\" class=\"eliophot-offer__cta_button eliophot-offer__cta_button_second elementor-button-link elementor-button elementor-size-sm \">\n                            D\u00e9couvrir                        <\/a>\n                                    <\/div>\n            <\/div>\n        <\/div>\n                            <\/div>\n                        <\/div>\n\n                \t\t\t\t<\/div>\n\t\t\t\t<\/div>\n\t\t\t\t\t<\/div>\n\t\t<\/div>\n\t\t\t\t\t<\/div>\n\t\t<\/section>\n\t\t\t\t<\/div>\n\t\t","protected":false},"excerpt":{"rendered":"<p>Offres sp\u00e9ciales OFFRE SPECIALE SPA Offre valable du 08 September 2025 au 30 September 2025 inclus \u00c0 partir de Aucune disponibilit\u00e9 \u20ac \/ nuit D\u00e9couvrir S\u00e9jour Bien Etre pour 2 personnes Offre valable du 08 September 2025 au 10 November 2025 inclus \u00c0 partir de Aucune disponibilit\u00e9 453 \u20ac \/ nuit D\u00e9couvrir<\/p>","protected":false},"author":5,"featured_media":0,"parent":0,"menu_order":0,"comment_status":"closed","ping_status":"closed","template":"","meta":{"inline_featured_image":false,"footnotes":""},"class_list":["post-3087","page","type-page","status-publish","hentry"],"_links":{"self":[{"href":"https:\/\/www.hotelmangiofango.com\/it\/wp-json\/wp\/v2\/pages\/3087","targetHints":{"allow":["GET"]}}],"collection":[{"href":"https:\/\/www.hotelmangiofango.com\/it\/wp-json\/wp\/v2\/pages"}],"about":[{"href":"https:\/\/www.hotelmangiofango.com\/it\/wp-json\/wp\/v2\/types\/page"}],"author":[{"embeddable":true,"href":"https:\/\/www.hotelmangiofango.com\/it\/wp-json\/wp\/v2\/users\/5"}],"replies":[{"embeddable":true,"href":"https:\/\/www.hotelmangiofango.com\/it\/wp-json\/wp\/v2\/comments?post=3087"}],"version-history":[{"count":52,"href":"https:\/\/www.hotelmangiofango.com\/it\/wp-json\/wp\/v2\/pages\/3087\/revisions"}],"predecessor-version":[{"id":5767,"href":"https:\/\/www.hotelmangiofango.com\/it\/wp-json\/wp\/v2\/pages\/3087\/revisions\/5767"}],"wp:attachment":[{"href":"https:\/\/www.hotelmangiofango.com\/it\/wp-json\/wp\/v2\/media?parent=3087"}],"curies":[{"name":"wp","href":"https:\/\/api.w.org\/{rel}","templated":true}]}}